{"id":7549,"date":"2024-08-21T19:10:08","date_gmt":"2024-08-21T19:10:08","guid":{"rendered":"https:\/\/gds-business-intelligence.de\/?page_id=7549"},"modified":"2024-08-23T17:00:42","modified_gmt":"2024-08-23T17:00:42","slug":"datenmodellierung","status":"publish","type":"page","link":"https:\/\/gds-business-intelligence.de\/?page_id=7549","title":{"rendered":"Datenmodellierung"},"content":{"rendered":"\t\t<div data-elementor-type=\"wp-page\" data-elementor-id=\"7549\" class=\"elementor elementor-7549\">\n\t\t\t\t<div class=\"elementor-element elementor-element-659fc11 e-flex e-con-boxed e-con e-parent\" data-id=\"659fc11\" data-element_type=\"container\" data-e-type=\"container\">\n\t\t\t\t\t<div class=\"e-con-inner\">\n\t\t<div class=\"elementor-element elementor-element-7421c8c e-con-full e-flex e-con e-child\" data-id=\"7421c8c\" data-element_type=\"container\" data-e-type=\"container\">\n\t\t\t\t<\/div>\n\t\t\t\t<div class=\"elementor-element elementor-element-438c258 elementor-widget elementor-widget-text-editor\" data-id=\"438c258\" data-element_type=\"widget\" data-e-type=\"widget\" data-widget_type=\"text-editor.default\">\n\t\t\t\t<div class=\"elementor-widget-container\">\n\t\t\t\t\t\t\t\t\t<p>In der heutigen datengetriebenen Welt ist die F\u00e4higkeit, gro\u00dfe und komplexe Datenmengen effizient zu verwalten und zu nutzen, entscheidend f\u00fcr den Gesch\u00e4ftserfolg. Datenmodellierung spielt dabei eine zentrale Rolle, da sie die Struktur und die Beziehungen der Daten in einem Unternehmen abbildet und es erm\u00f6glicht, diese Daten in wertvolle Informationen zu verwandeln. GDS Business Intelligence GmbH bietet umfassende Dienstleistungen im Bereich der Datenmodellierung an, die unseren Kunden helfen, ihre Datenstrategien zu optimieren und fundierte Entscheidungen zu treffen.<\/p>\t\t\t\t\t\t\t\t<\/div>\n\t\t\t\t<\/div>\n\t\t\t\t<div class=\"elementor-element elementor-element-8d9b255 elementor-widget elementor-widget-heading\" data-id=\"8d9b255\" data-element_type=\"widget\" data-e-type=\"widget\" data-widget_type=\"heading.default\">\n\t\t\t\t<div class=\"elementor-widget-container\">\n\t\t\t\t\t<h4 class=\"elementor-heading-title elementor-size-default\">Was ist Datenmodellierung?<\/h4>\t\t\t\t<\/div>\n\t\t\t\t<\/div>\n\t\t\t\t<div class=\"elementor-element elementor-element-ac082de elementor-widget elementor-widget-text-editor\" data-id=\"ac082de\" data-element_type=\"widget\" data-e-type=\"widget\" data-widget_type=\"text-editor.default\">\n\t\t\t\t<div class=\"elementor-widget-container\">\n\t\t\t\t\t\t\t\t\t<p>Datenmodellierung ist der Prozess der Erstellung eines konzeptionellen, logischen und physischen Modells f\u00fcr die Daten eines Unternehmens. Ein Datenmodell dient als visuelle Darstellung, die zeigt, wie Daten organisiert sind, welche Beziehungen zwischen ihnen bestehen und wie sie in verschiedenen Systemen genutzt werden k\u00f6nnen. Es ist ein grundlegender Schritt in der Entwicklung von Datenbanken, Data Warehouses und anderen datenbasierten Systemen.<\/p><p>Ein gut durchdachtes Datenmodell vereinfacht nicht nur die Verwaltung von Daten, sondern stellt auch sicher, dass die Daten den gesch\u00e4ftlichen Anforderungen entsprechen und auf eine Weise organisiert sind, die effiziente Abfragen und Analysen erm\u00f6glicht. Es dient als Blaupause f\u00fcr die Implementierung von Datenbankl\u00f6sungen und gew\u00e4hrleistet, dass alle Beteiligten ein gemeinsames Verst\u00e4ndnis der Datenstruktur haben.<\/p>\t\t\t\t\t\t\t\t<\/div>\n\t\t\t\t<\/div>\n\t\t\t\t<div class=\"elementor-element elementor-element-f23cab0 elementor-widget elementor-widget-heading\" data-id=\"f23cab0\" data-element_type=\"widget\" data-e-type=\"widget\" data-widget_type=\"heading.default\">\n\t\t\t\t<div class=\"elementor-widget-container\">\n\t\t\t\t\t<h4 class=\"elementor-heading-title elementor-size-default\">Der Nutzen f\u00fcr Ihr Unternehmen<\/h4>\t\t\t\t<\/div>\n\t\t\t\t<\/div>\n\t\t\t\t<div class=\"elementor-element elementor-element-72d544a elementor-widget elementor-widget-text-editor\" data-id=\"72d544a\" data-element_type=\"widget\" data-e-type=\"widget\" data-widget_type=\"text-editor.default\">\n\t\t\t\t<div class=\"elementor-widget-container\">\n\t\t\t\t\t\t\t\t\t<p>Durch die Integration und Konsolidierung Ihrer Daten mit den Dienstleistungen der GDS Business Intelligence GmbH erzielen Sie mehrere entscheidende Vorteile:<\/p>\t\t\t\t\t\t\t\t<\/div>\n\t\t\t\t<\/div>\n\t\t\t\t<div class=\"elementor-element elementor-element-80379e0 elementor-widget elementor-widget-tragafeature\" data-id=\"80379e0\" data-element_type=\"widget\" data-e-type=\"widget\" data-widget_type=\"tragafeature.default\">\n\t\t\t\t<div class=\"elementor-widget-container\">\n\t\t\t\t\t<div class=\"service-feature-wrap\"><div class=\"service-feature\"><div class=\"service-feature_icon\"><img decoding=\"async\" src=\"https:\/\/gds-business-intelligence.de\/wp-content\/uploads\/2024\/08\/Quality.png\" alt=\"GDS%20Business%20Intelligence%20Website\"  \/><\/div><div class=\"media-body\"><h4 class=\"service-feature_title\">Verbesserte Datenqualit\u00e4t<\/h4><p class=\"service-feature_text\">Durch klare Strukturen und definierte Datenbeziehungen verbessert ein gutes Datenmodell die Datenqualit\u00e4t erheblich, was die Genauigkeit von Analysen und Berichten erh\u00f6ht.<\/p><\/div><\/div><div class=\"service-feature\"><div class=\"service-feature_icon\"><img decoding=\"async\" src=\"https:\/\/gds-business-intelligence.de\/wp-content\/uploads\/2024\/08\/Effizienz-white.png\" alt=\"GDS%20Business%20Intelligence%20Website\"  \/><\/div><div class=\"media-body\"><h4 class=\"service-feature_title\">Skalierbarkeit und Flexibilit\u00e4t<\/h4><p class=\"service-feature_text\">Ein skalierbares Datenmodell kann problemlos an wachsende Datenmengen und sich \u00e4ndernde Gesch\u00e4ftsanforderungen angepasst werden, ohne dass grundlegende System\u00fcberholungen erforderlich sind.<\/p><\/div><\/div><div class=\"service-feature\"><div class=\"service-feature_icon\"><img decoding=\"async\" src=\"https:\/\/gds-business-intelligence.de\/wp-content\/uploads\/2024\/08\/Kostenreduktion-white.png\" alt=\"GDS%20Business%20Intelligence%20Website\"  \/><\/div><div class=\"media-body\"><h4 class=\"service-feature_title\">Schnellere Markteinf\u00fchrung<\/h4><p class=\"service-feature_text\">Durch die klare Strukturierung und Dokumentation von Daten k\u00f6nnen neue Datenl\u00f6sungen schneller entwickelt und implementiert werden, was die Zeit bis zur Markteinf\u00fchrung neuer Produkte und Dienstleistungen verk\u00fcrzt.<\/p><\/div><\/div><div class=\"service-feature\"><div class=\"service-feature_icon\"><img decoding=\"async\" src=\"https:\/\/gds-business-intelligence.de\/wp-content\/uploads\/2024\/08\/Datensicherheit-white.png\" alt=\"GDS%20Business%20Intelligence%20Website\"  \/><\/div><div class=\"media-body\"><h4 class=\"service-feature_title\">Bessere Kommunikation zwischen Stakeholdern<\/h4><p class=\"service-feature_text\">Ein Datenmodell dient als gemeinsames Verst\u00e4ndnis f\u00fcr alle Stakeholder, einschlie\u00dflich IT-Teams, Analysten und Gesch\u00e4ftsf\u00fchrung, was die Kommunikation und das Alignment bei datenbezogenen Projekten verbessert.<\/p><\/div><\/div><\/div>\t\t\t\t<\/div>\n\t\t\t\t<\/div>\n\t\t\t\t<div class=\"elementor-element elementor-element-f75f4b4 elementor-widget elementor-widget-heading\" data-id=\"f75f4b4\" data-element_type=\"widget\" data-e-type=\"widget\" data-widget_type=\"heading.default\">\n\t\t\t\t<div class=\"elementor-widget-container\">\n\t\t\t\t\t<h4 class=\"elementor-heading-title elementor-size-default\">Unsere Services im Bereich Datenintegration und Konsolidierung<\/h4>\t\t\t\t<\/div>\n\t\t\t\t<\/div>\n\t\t\t\t<div class=\"elementor-element elementor-element-1305204 elementor-widget elementor-widget-text-editor\" data-id=\"1305204\" data-element_type=\"widget\" data-e-type=\"widget\" data-widget_type=\"text-editor.default\">\n\t\t\t\t<div class=\"elementor-widget-container\">\n\t\t\t\t\t\t\t\t\t<p>Bei GDS Business Intelligence GmbH verstehen wir, dass jedes Unternehmen einzigartig ist und daher ein individuelles Datenmodell ben\u00f6tigt, das auf seine spezifischen Anforderungen zugeschnitten ist. Unsere Dienstleistungen im Bereich der Datenmodellierung umfassen alle Aspekte dieses Prozesses, von der Analyse der Gesch\u00e4ftsanforderungen bis hin zur Umsetzung und Optimierung des Datenmodells.<\/p><p><span style=\"color: #0000ff;\"><strong>Analyse und Anforderungsdefinition<\/strong>\u00a0<\/span><br \/>Der erste Schritt in unserer Zusammenarbeit besteht darin, Ihre Gesch\u00e4ftsprozesse und -ziele genau zu verstehen. Wir analysieren Ihre vorhandenen Datenquellen und identifizieren die wichtigsten Gesch\u00e4ftsanforderungen, um ein Modell zu entwickeln, das perfekt auf Ihre Bed\u00fcrfnisse abgestimmt ist.<\/p><p><span style=\"color: #0000ff;\"><strong>Erstellung ma\u00dfgeschneiderter Datenmodelle<br \/><\/strong><\/span>Auf Basis der Anforderungsanalyse erstellen wir ein konzeptionelles Modell, das die Struktur und die Beziehungen Ihrer Daten abbildet. Anschlie\u00dfend entwickeln wir ein logisches Modell, das die technischen Aspekte der Datenspeicherung und -verarbeitung ber\u00fccksichtigt. Schlie\u00dflich setzen wir das physische Modell um, das die tats\u00e4chliche Implementierung in einer Datenbank oder einem Data Warehouse darstellt.<\/p><p><span style=\"color: #0000ff;\"><strong>Optimierung und Skalierbarkeit<br \/><\/strong><\/span>Unsere Datenmodelle sind nicht nur auf aktuelle Anforderungen abgestimmt, sondern auch zukunftssicher und skalierbar. Wir ber\u00fccksichtigen m\u00f6gliche zuk\u00fcnftige Datenanforderungen und stellen sicher, dass das Modell flexibel genug ist, um an wachsende Datenmengen und neue Gesch\u00e4ftsanforderungen angepasst zu werden.<\/p><p><span style=\"color: #0000ff;\"><strong>Datenmodellierung f\u00fcr Big Data und moderne Architekturen<br \/><\/strong><\/span>In einer Welt, in der Big Data und Cloud-Technologien immer wichtiger werden, bieten wir auch spezialisierte Datenmodellierungsl\u00f6sungen f\u00fcr diese Umgebungen an. Unsere Expertise in der Modellierung f\u00fcr Data Lakes, NoSQL-Datenbanken und verteilte Datenarchitekturen erm\u00f6glicht es unseren Kunden, das volle Potenzial moderner Datenplattformen auszusch\u00f6pfen.<\/p><p><span style=\"color: #0000ff;\"><strong>Schulung und Support<\/strong><\/span><br \/>Wir lassen unsere Kunden nach der Implementierung nicht allein. Wir bieten Schulungen an, um sicherzustellen, dass Ihre Teams das erstellte Datenmodell optimal nutzen k\u00f6nnen. Au\u00dferdem stehen wir f\u00fcr fortlaufenden Support zur Verf\u00fcgung, um das Modell bei Bedarf anzupassen oder zu erweitern.<\/p>\t\t\t\t\t\t\t\t<\/div>\n\t\t\t\t<\/div>\n\t\t\t\t<div class=\"elementor-element elementor-element-c824289 elementor-widget elementor-widget-heading\" data-id=\"c824289\" data-element_type=\"widget\" data-e-type=\"widget\" data-widget_type=\"heading.default\">\n\t\t\t\t<div class=\"elementor-widget-container\">\n\t\t\t\t\t<h4 class=\"elementor-heading-title elementor-size-default\">Fragen zu Datenmodellierung<\/h4>\t\t\t\t<\/div>\n\t\t\t\t<\/div>\n\t\t\t\t\t<\/div>\n\t\t\t\t<\/div>\n\t\t<div class=\"elementor-element elementor-element-89b59be e-flex e-con-boxed e-con e-parent\" data-id=\"89b59be\" data-element_type=\"container\" data-e-type=\"container\">\n\t\t\t\t\t<div class=\"e-con-inner\">\n\t\t\t\t<div class=\"elementor-element elementor-element-e2aa5d7 elementor-widget elementor-widget-tragafaq\" data-id=\"e2aa5d7\" data-element_type=\"widget\" data-e-type=\"widget\" data-widget_type=\"tragafaq.default\">\n\t\t\t\t<div class=\"elementor-widget-container\">\n\t\t\t\t\t<div class=\"accordion-area accordion\" id=\"faqAccordion\"><div class=\"accordion-card style2 active\"><div class=\"accordion-header\" id=\"collapse-item-1\"><button class=\"accordion-button \" type=\"button\" data-bs-toggle=\"collapse\" data-bs-target=\"#collapse-1\" aria-expanded=\"true\" aria-controls=\"collapse-1\">Was ist Datenmodellierung?<\/button><\/div><div id=\"collapse-1\" class=\"accordion-collapse collapse show \" aria-labelledby=\"collapse-item-1\" data-bs-parent=\"#faqAccordion\"><div class=\"accordion-body\"><p class=\"faq-text\">Datenmodellierung ist der Prozess der Erstellung einer strukturierten Darstellung von Daten und ihren Beziehungen, die als Grundlage f\u00fcr die Entwicklung von Datenbanken, Data Warehouses und anderen datenbasierten Systemen dient.<\/p><\/div><\/div><\/div><div class=\"accordion-card style2 \"><div class=\"accordion-header\" id=\"collapse-item-2\"><button class=\"accordion-button collapsed\" type=\"button\" data-bs-toggle=\"collapse\" data-bs-target=\"#collapse-2\" aria-expanded=\"false\" aria-controls=\"collapse-2\">Warum ist Datenmodellierung wichtig?<\/button><\/div><div id=\"collapse-2\" class=\"accordion-collapse collapse  \" aria-labelledby=\"collapse-item-2\" data-bs-parent=\"#faqAccordion\"><div class=\"accordion-body\"><p class=\"faq-text\">Datenmodellierung ist entscheidend, um sicherzustellen, dass Daten effizient organisiert, verwaltet und analysiert werden k\u00f6nnen. Ein gutes Datenmodell erleichtert das Verst\u00e4ndnis der Datenstrukturen und erm\u00f6glicht eine zuverl\u00e4ssige und effiziente Datenverarbeitung.<\/p><\/div><\/div><\/div><div class=\"accordion-card style2 \"><div class=\"accordion-header\" id=\"collapse-item-3\"><button class=\"accordion-button collapsed\" type=\"button\" data-bs-toggle=\"collapse\" data-bs-target=\"#collapse-3\" aria-expanded=\"false\" aria-controls=\"collapse-3\">Was sind die verschiedenen Arten von Datenmodellen?<\/button><\/div><div id=\"collapse-3\" class=\"accordion-collapse collapse  \" aria-labelledby=\"collapse-item-3\" data-bs-parent=\"#faqAccordion\"><div class=\"accordion-body\"><p class=\"faq-text\">Die drei Hauptarten von Datenmodellen sind konzeptionelle Modelle, die die grundlegende Struktur und Beziehungen der Daten darstellen; logische Modelle, die die technischen Details der Datenstruktur definieren; und physische Modelle, die die tats\u00e4chliche Implementierung der Daten in einem Datenbankmanagementsystem beschreiben.<\/p><\/div><\/div><\/div><div class=\"accordion-card style2 \"><div class=\"accordion-header\" id=\"collapse-item-4\"><button class=\"accordion-button collapsed\" type=\"button\" data-bs-toggle=\"collapse\" data-bs-target=\"#collapse-4\" aria-expanded=\"false\" aria-controls=\"collapse-4\">Wie unterscheidet sich ein konzeptionelles Datenmodell von einem logischen Datenmodell?<\/button><\/div><div id=\"collapse-4\" class=\"accordion-collapse collapse  \" aria-labelledby=\"collapse-item-4\" data-bs-parent=\"#faqAccordion\"><div class=\"accordion-body\"><p class=\"faq-text\">Ein konzeptionelles Datenmodell stellt die grundlegenden Entit\u00e4ten und ihre Beziehungen dar, ohne technische Details zu ber\u00fccksichtigen. Ein logisches Datenmodell ist detaillierter und enth\u00e4lt technische Spezifikationen, wie z.B. Datentypen und -schl\u00fcssel, die f\u00fcr die Implementierung erforderlich sind.<\/p><\/div><\/div><\/div><div class=\"accordion-card style2 \"><div class=\"accordion-header\" id=\"collapse-item-5\"><button class=\"accordion-button collapsed\" type=\"button\" data-bs-toggle=\"collapse\" data-bs-target=\"#collapse-5\" aria-expanded=\"false\" aria-controls=\"collapse-5\">Wie kann GDS Business Intelligence GmbH bei der Datenmodellierung helfen?<\/button><\/div><div id=\"collapse-5\" class=\"accordion-collapse collapse  \" aria-labelledby=\"collapse-item-5\" data-bs-parent=\"#faqAccordion\"><div class=\"accordion-body\"><p class=\"faq-text\">GDS Business Intelligence GmbH bietet ma\u00dfgeschneiderte Datenmodellierungsl\u00f6sungen, die auf die spezifischen Anforderungen Ihres Unternehmens abgestimmt sind. Wir entwickeln, optimieren und implementieren Datenmodelle, die Ihre Daten effizient organisieren und die Grundlage f\u00fcr erfolgreiche Datenstrategien bilden.<\/p><\/div><\/div><\/div><div class=\"accordion-card style2 \"><div class=\"accordion-header\" id=\"collapse-item-6\"><button class=\"accordion-button collapsed\" type=\"button\" data-bs-toggle=\"collapse\" data-bs-target=\"#collapse-6\" aria-expanded=\"false\" aria-controls=\"collapse-6\">Welche Vorteile bietet ein gut durchdachtes Datenmodell?<\/button><\/div><div id=\"collapse-6\" class=\"accordion-collapse collapse  \" aria-labelledby=\"collapse-item-6\" data-bs-parent=\"#faqAccordion\"><div class=\"accordion-body\"><p class=\"faq-text\">Ein gut durchdachtes Datenmodell verbessert die Datenqualit\u00e4t, erh\u00f6ht die Effizienz der Datenverarbeitung, reduziert Betriebskosten und sorgt f\u00fcr Flexibilit\u00e4t und Skalierbarkeit, um zuk\u00fcnftige Gesch\u00e4ftsanforderungen zu unterst\u00fctzen.<\/p><\/div><\/div><\/div><div class=\"accordion-card style2 \"><div class=\"accordion-header\" id=\"collapse-item-7\"><button class=\"accordion-button collapsed\" type=\"button\" data-bs-toggle=\"collapse\" data-bs-target=\"#collapse-7\" aria-expanded=\"false\" aria-controls=\"collapse-7\">Kann ein Datenmodell an ver\u00e4nderte Gesch\u00e4ftsanforderungen angepasst werden?<\/button><\/div><div id=\"collapse-7\" class=\"accordion-collapse collapse  \" aria-labelledby=\"collapse-item-7\" data-bs-parent=\"#faqAccordion\"><div class=\"accordion-body\"><p class=\"faq-text\"> Ja, ein flexibles Datenmodell kann an ver\u00e4nderte Gesch\u00e4ftsanforderungen angepasst werden. Bei GDS Business Intelligence GmbH entwickeln wir skalierbare Modelle, die bei Bedarf erweitert oder modifiziert werden k\u00f6nnen, ohne die gesamte Datenstruktur zu \u00fcberarbeiten.<\/p><\/div><\/div><\/div><div class=\"accordion-card style2 \"><div class=\"accordion-header\" id=\"collapse-item-8\"><button class=\"accordion-button collapsed\" type=\"button\" data-bs-toggle=\"collapse\" data-bs-target=\"#collapse-8\" aria-expanded=\"false\" aria-controls=\"collapse-8\">Was ist der Unterschied zwischen einem Datenmodell f\u00fcr relationale Datenbanken und einem f\u00fcr NoSQL-Datenbanken?<\/button><\/div><div id=\"collapse-8\" class=\"accordion-collapse collapse  \" aria-labelledby=\"collapse-item-8\" data-bs-parent=\"#faqAccordion\"><div class=\"accordion-body\"><p class=\"faq-text\">Datenmodelle f\u00fcr relationale Datenbanken basieren auf tabellarischen Strukturen mit definierten Beziehungen und Schl\u00fcsseln. NoSQL-Datenmodelle sind flexibler und k\u00f6nnen hierarchische, dokumentenbasierte oder graphenbasierte Strukturen verwenden, um unstrukturierte oder semi-strukturierte Daten zu verarbeiten.<\/p><\/div><\/div><\/div><div class=\"accordion-card style2 \"><div class=\"accordion-header\" id=\"collapse-item-9\"><button class=\"accordion-button collapsed\" type=\"button\" data-bs-toggle=\"collapse\" data-bs-target=\"#collapse-9\" aria-expanded=\"false\" aria-controls=\"collapse-9\">Wie tr\u00e4gt ein Datenmodell zur Verbesserung der Datenqualit\u00e4t bei?<\/button><\/div><div id=\"collapse-9\" class=\"accordion-collapse collapse  \" aria-labelledby=\"collapse-item-9\" data-bs-parent=\"#faqAccordion\"><div class=\"accordion-body\"><p class=\"faq-text\">Ein Datenmodell definiert klare Strukturen, Regeln und Beziehungen zwischen Daten, was dazu beitr\u00e4gt, Inkonsistenzen zu vermeiden und die Genauigkeit der Daten sicherzustellen. Dies f\u00fchrt zu einer h\u00f6heren Datenqualit\u00e4t und verl\u00e4sslicheren Analysen.<\/p><\/div><\/div><\/div><div class=\"accordion-card style2 \"><div class=\"accordion-header\" id=\"collapse-item-10\"><button class=\"accordion-button collapsed\" type=\"button\" data-bs-toggle=\"collapse\" data-bs-target=\"#collapse-10\" aria-expanded=\"false\" aria-controls=\"collapse-10\">Wie lange dauert es, ein Datenmodell zu erstellen?<\/button><\/div><div id=\"collapse-10\" class=\"accordion-collapse collapse  \" aria-labelledby=\"collapse-item-10\" data-bs-parent=\"#faqAccordion\"><div class=\"accordion-body\"><p class=\"faq-text\">Die Dauer der Erstellung eines Datenmodells h\u00e4ngt von der Komplexit\u00e4t des Projekts und den spezifischen Anforderungen ab. Einfache Modelle k\u00f6nnen in wenigen Wochen entwickelt werden, w\u00e4hrend komplexere Modelle f\u00fcr gro\u00dfe Unternehmen mehrere Monate in Anspruch nehmen k\u00f6nnen. GDS Business Intelligence GmbH arbeitet eng mit Ihnen zusammen, um den Prozess effizient und zeitnah zu gestalten.<\/p><\/div><\/div><\/div><\/div>\t\t\t\t<\/div>\n\t\t\t\t<\/div>\n\t\t\t\t<div class=\"elementor-element elementor-element-b338353 elementor-widget elementor-widget-heading\" data-id=\"b338353\" data-element_type=\"widget\" data-e-type=\"widget\" data-widget_type=\"heading.default\">\n\t\t\t\t<div class=\"elementor-widget-container\">\n\t\t\t\t\t<h4 class=\"elementor-heading-title elementor-size-default\">Fazit\n<\/h4>\t\t\t\t<\/div>\n\t\t\t\t<\/div>\n\t\t\t\t<div class=\"elementor-element elementor-element-b88880f elementor-widget elementor-widget-text-editor\" data-id=\"b88880f\" data-element_type=\"widget\" data-e-type=\"widget\" data-widget_type=\"text-editor.default\">\n\t\t\t\t<div class=\"elementor-widget-container\">\n\t\t\t\t\t\t\t\t\t<p>Datenintegration und Konsolidierung sind unerl\u00e4sslich, um das Potenzial Ihrer Unternehmensdaten voll auszusch\u00f6pfen. Die GDS Business Intelligence GmbH unterst\u00fctzt Sie mit umfassenden Dienstleistungen in diesem Bereich und hilft Ihnen, Ihre Daten in wertvolle Einblicke und Wettbewerbsvorteile zu verwandeln. Vertrauen Sie auf unsere Expertise, um Ihre Datenlandschaft effizient zu gestalten und Ihre Gesch\u00e4ftsziele zu erreichen.<\/p>\t\t\t\t\t\t\t\t<\/div>\n\t\t\t\t<\/div>\n\t\t\t\t\t<\/div>\n\t\t\t\t<\/div>\n\t\t\t\t<\/div>\n\t\t","protected":false},"excerpt":{"rendered":"<p>In der heutigen datengetriebenen Welt ist die F\u00e4higkeit, gro\u00dfe und komplexe Datenmengen effizient zu verwalten und zu nutzen, entscheidend f\u00fcr den Gesch\u00e4ftserfolg. Datenmodellierung spielt dabei eine zentrale Rolle, da sie die Struktur und die Beziehungen der Daten in einem Unternehmen abbildet und es erm\u00f6glicht, diese Daten in wertvolle Informationen zu verwandeln. GDS Business Intelligence GmbH&#8230;<\/p>\n","protected":false},"author":1,"featured_media":7505,"parent":0,"menu_order":0,"comment_status":"closed","ping_status":"closed","template":"template-builder.php","meta":{"footnotes":""},"class_list":["post-7549","page","type-page","status-publish","has-post-thumbnail","hentry"],"_links":{"self":[{"href":"https:\/\/gds-business-intelligence.de\/index.php?rest_route=\/wp\/v2\/pages\/7549","targetHints":{"allow":["GET"]}}],"collection":[{"href":"https:\/\/gds-business-intelligence.de\/index.php?rest_route=\/wp\/v2\/pages"}],"about":[{"href":"https:\/\/gds-business-intelligence.de\/index.php?rest_route=\/wp\/v2\/types\/page"}],"author":[{"embeddable":true,"href":"https:\/\/gds-business-intelligence.de\/index.php?rest_route=\/wp\/v2\/users\/1"}],"replies":[{"embeddable":true,"href":"https:\/\/gds-business-intelligence.de\/index.php?rest_route=%2Fwp%2Fv2%2Fcomments&post=7549"}],"version-history":[{"count":10,"href":"https:\/\/gds-business-intelligence.de\/index.php?rest_route=\/wp\/v2\/pages\/7549\/revisions"}],"predecessor-version":[{"id":7797,"href":"https:\/\/gds-business-intelligence.de\/index.php?rest_route=\/wp\/v2\/pages\/7549\/revisions\/7797"}],"wp:featuredmedia":[{"embeddable":true,"href":"https:\/\/gds-business-intelligence.de\/index.php?rest_route=\/wp\/v2\/media\/7505"}],"wp:attachment":[{"href":"https:\/\/gds-business-intelligence.de\/index.php?rest_route=%2Fwp%2Fv2%2Fmedia&parent=7549"}],"curies":[{"name":"wp","href":"https:\/\/api.w.org\/{rel}","templated":true}]}}