{"id":7601,"date":"2024-08-23T13:51:33","date_gmt":"2024-08-23T13:51:33","guid":{"rendered":"https:\/\/gds-business-intelligence.de\/?page_id=7601"},"modified":"2024-08-23T13:59:50","modified_gmt":"2024-08-23T13:59:50","slug":"bi-loesungen","status":"publish","type":"page","link":"https:\/\/gds-business-intelligence.de\/?page_id=7601","title":{"rendered":"Implementierung von BI-L\u00f6sungen"},"content":{"rendered":"\t\t<div data-elementor-type=\"wp-page\" data-elementor-id=\"7601\" class=\"elementor elementor-7601\">\n\t\t\t\t<div class=\"elementor-element elementor-element-659fc11 e-flex e-con-boxed e-con e-parent\" data-id=\"659fc11\" data-element_type=\"container\" data-e-type=\"container\">\n\t\t\t\t\t<div class=\"e-con-inner\">\n\t\t<div class=\"elementor-element elementor-element-7421c8c e-con-full e-flex e-con e-child\" data-id=\"7421c8c\" data-element_type=\"container\" data-e-type=\"container\">\n\t\t\t\t<\/div>\n\t\t\t\t<div class=\"elementor-element elementor-element-438c258 elementor-widget elementor-widget-text-editor\" data-id=\"438c258\" data-element_type=\"widget\" data-e-type=\"widget\" data-widget_type=\"text-editor.default\">\n\t\t\t\t<div class=\"elementor-widget-container\">\n\t\t\t\t\t\t\t\t\t<p>In einer \u00c4ra, in der Daten als das neue \u00d6l betrachtet werden, ist die F\u00e4higkeit, aus diesen Daten wertvolle Erkenntnisse zu gewinnen, entscheidend f\u00fcr den Erfolg eines Unternehmens. Business Intelligence (BI) ist das Mittel, um Rohdaten in verwertbare Informationen zu verwandeln, die fundierte Entscheidungen unterst\u00fctzen und Wettbewerbsvorteile schaffen. Die Implementierung von BI-L\u00f6sungen ist jedoch ein komplexer Prozess, der technisches Know-how, strategische Planung und eine tiefgehende Kenntnis der Gesch\u00e4ftsanforderungen erfordert. GDS Business Intelligence GmbH ist darauf spezialisiert, Unternehmen durch ma\u00dfgeschneiderte BI-L\u00f6sungen zu unterst\u00fctzen und ihnen dabei zu helfen, das volle Potenzial ihrer Daten auszusch\u00f6pfen.<\/p>\t\t\t\t\t\t\t\t<\/div>\n\t\t\t\t<\/div>\n\t\t\t\t<div class=\"elementor-element elementor-element-8d9b255 elementor-widget elementor-widget-heading\" data-id=\"8d9b255\" data-element_type=\"widget\" data-e-type=\"widget\" data-widget_type=\"heading.default\">\n\t\t\t\t<div class=\"elementor-widget-container\">\n\t\t\t\t\t<h4 class=\"elementor-heading-title elementor-size-default\">Was sind BI-L\u00f6sungen?<\/h4>\t\t\t\t<\/div>\n\t\t\t\t<\/div>\n\t\t\t\t<div class=\"elementor-element elementor-element-ac082de elementor-widget elementor-widget-text-editor\" data-id=\"ac082de\" data-element_type=\"widget\" data-e-type=\"widget\" data-widget_type=\"text-editor.default\">\n\t\t\t\t<div class=\"elementor-widget-container\">\n\t\t\t\t\t\t\t\t\t<p>Business Intelligence-L\u00f6sungen umfassen eine Vielzahl von Technologien, Anwendungen und Prozessen, die es Unternehmen erm\u00f6glichen, Daten aus verschiedenen Quellen zu sammeln, zu analysieren und zu visualisieren. Diese L\u00f6sungen bieten Einblicke in Gesch\u00e4ftsprozesse, Markttrends und Kundenverhalten und unterst\u00fctzen damit strategische und operative Entscheidungen.<\/p><p>Eine typische BI-L\u00f6sung kann Funktionen wie Datenintegration, -bereinigung, -modellierung, Reporting und Dashboards umfassen. Sie ist darauf ausgelegt, Daten aus unterschiedlichen Quellen zu konsolidieren und in einem zentralen System zug\u00e4nglich zu machen, sodass F\u00fchrungskr\u00e4fte und Mitarbeiter auf die Informationen zugreifen k\u00f6nnen, die sie ben\u00f6tigen, um datengest\u00fctzte Entscheidungen zu treffen.<\/p>\t\t\t\t\t\t\t\t<\/div>\n\t\t\t\t<\/div>\n\t\t\t\t<div class=\"elementor-element elementor-element-f23cab0 elementor-widget elementor-widget-heading\" data-id=\"f23cab0\" data-element_type=\"widget\" data-e-type=\"widget\" data-widget_type=\"heading.default\">\n\t\t\t\t<div class=\"elementor-widget-container\">\n\t\t\t\t\t<h4 class=\"elementor-heading-title elementor-size-default\">Der Nutzen f\u00fcr Ihr Unternehmen<\/h4>\t\t\t\t<\/div>\n\t\t\t\t<\/div>\n\t\t\t\t<div class=\"elementor-element elementor-element-72d544a elementor-widget elementor-widget-text-editor\" data-id=\"72d544a\" data-element_type=\"widget\" data-e-type=\"widget\" data-widget_type=\"text-editor.default\">\n\t\t\t\t<div class=\"elementor-widget-container\">\n\t\t\t\t\t\t\t\t\t<p>Durch die Integration und Konsolidierung Ihrer Daten mit den Dienstleistungen der GDS Business Intelligence GmbH erzielen Sie mehrere entscheidende Vorteile:<\/p>\t\t\t\t\t\t\t\t<\/div>\n\t\t\t\t<\/div>\n\t\t\t\t<div class=\"elementor-element elementor-element-80379e0 elementor-widget elementor-widget-tragafeature\" data-id=\"80379e0\" data-element_type=\"widget\" data-e-type=\"widget\" data-widget_type=\"tragafeature.default\">\n\t\t\t\t<div class=\"elementor-widget-container\">\n\t\t\t\t\t<div class=\"service-feature-wrap\"><div class=\"service-feature\"><div class=\"service-feature_icon\"><img decoding=\"async\" src=\"https:\/\/gds-business-intelligence.de\/wp-content\/uploads\/2024\/08\/Entsscheidungsfindung-white.png\" alt=\"GDS%20Business%20Intelligence%20Website\"  \/><\/div><div class=\"media-body\"><h4 class=\"service-feature_title\">Zeitersparnis<\/h4><p class=\"service-feature_text\">Automatisierte Berichtsprozesse und Echtzeitanalysen reduzieren den Aufwand f\u00fcr manuelle Datenverarbeitung und -analyse, sodass mehr Zeit f\u00fcr strategische Aufgaben bleibt.<\/p><\/div><\/div><div class=\"service-feature\"><div class=\"service-feature_icon\"><img decoding=\"async\" src=\"https:\/\/gds-business-intelligence.de\/wp-content\/uploads\/2024\/08\/Effizienz-white.png\" alt=\"GDS%20Business%20Intelligence%20Website\"  \/><\/div><div class=\"media-body\"><h4 class=\"service-feature_title\">Wettbewerbsvorteil<\/h4><p class=\"service-feature_text\">Mit ma\u00dfgeschneiderten BI-L\u00f6sungen k\u00f6nnen Unternehmen Markttrends fr\u00fchzeitig erkennen und proaktiv auf Ver\u00e4nderungen reagieren, was ihnen einen entscheidenden Wettbewerbsvorteil verschafft.<\/p><\/div><\/div><div class=\"service-feature\"><div class=\"service-feature_icon\"><img decoding=\"async\" src=\"https:\/\/gds-business-intelligence.de\/wp-content\/uploads\/2024\/08\/Kostenreduktion-white.png\" alt=\"GDS%20Business%20Intelligence%20Website\"  \/><\/div><div class=\"media-body\"><h4 class=\"service-feature_title\">Erh\u00f6hte Transparenz<\/h4><p class=\"service-feature_text\">Dashboards und Berichte bieten einen schnellen \u00dcberblick \u00fcber wichtige Kennzahlen, was die Transparenz im Unternehmen erh\u00f6ht und das Monitoring von Gesch\u00e4ftsprozessen erleichtert.<\/p><\/div><\/div><div class=\"service-feature\"><div class=\"service-feature_icon\"><img decoding=\"async\" src=\"https:\/\/gds-business-intelligence.de\/wp-content\/uploads\/2024\/08\/Datensicherheit-white.png\" alt=\"GDS%20Business%20Intelligence%20Website\"  \/><\/div><div class=\"media-body\"><h4 class=\"service-feature_title\">Kosteneffizienz<\/h4><p class=\"service-feature_text\">Durch die Optimierung von Prozessen und die Vermeidung ineffizienter manueller Arbeit senken unsere BI-L\u00f6sungen die Betriebskosten.<\/p><\/div><\/div><\/div>\t\t\t\t<\/div>\n\t\t\t\t<\/div>\n\t\t\t\t<div class=\"elementor-element elementor-element-f75f4b4 elementor-widget elementor-widget-heading\" data-id=\"f75f4b4\" data-element_type=\"widget\" data-e-type=\"widget\" data-widget_type=\"heading.default\">\n\t\t\t\t<div class=\"elementor-widget-container\">\n\t\t\t\t\t<h4 class=\"elementor-heading-title elementor-size-default\">Unsere Services im Bereich Implementierung von BI L\u00f6sungen<\/h4>\t\t\t\t<\/div>\n\t\t\t\t<\/div>\n\t\t\t\t<div class=\"elementor-element elementor-element-1305204 elementor-widget elementor-widget-text-editor\" data-id=\"1305204\" data-element_type=\"widget\" data-e-type=\"widget\" data-widget_type=\"text-editor.default\">\n\t\t\t\t<div class=\"elementor-widget-container\">\n\t\t\t\t\t\t\t\t\t<p>Die Implementierung einer BI-L\u00f6sung ist mehr als nur die Auswahl und Installation von Software. Sie erfordert eine sorgf\u00e4ltige Planung und Anpassung an die spezifischen Bed\u00fcrfnisse und Ziele eines Unternehmens. Bei GDS Business Intelligence GmbH bieten wir einen umfassenden Service, der den gesamten Lebenszyklus der BI-Implementierung abdeckt \u2013 von der ersten Analyse bis zur fortlaufenden Unterst\u00fctzung und Optimierung.<\/p><p><strong><span style=\"color: #0000ff;\">Bedarfsanalyse und strategische Planung<\/span><br \/><\/strong>Der erste Schritt besteht darin, Ihre Gesch\u00e4ftsprozesse und -ziele genau zu verstehen. Wir f\u00fchren eine gr\u00fcndliche Bedarfsanalyse durch, um die Anforderungen Ihres Unternehmens an eine BI-L\u00f6sung zu definieren. Diese Analyse bildet die Grundlage f\u00fcr die Entwicklung einer ma\u00dfgeschneiderten BI-Strategie, die auf Ihre spezifischen Ziele und Herausforderungen abgestimmt ist.<\/p><p><strong><span style=\"color: #0000ff;\">Auswahl der richtigen Technologie<\/span><br \/><\/strong>Auf Basis der Bedarfsanalyse unterst\u00fctzen wir Sie bei der Auswahl der richtigen BI-Tools und -Plattformen. Ob es sich um eine umfassende BI-Suite oder spezialisierte Analysetools handelt \u2013 wir finden die L\u00f6sung, die am besten zu Ihrer IT-Infrastruktur und Ihren Gesch\u00e4ftsanforderungen passt.<\/p><p><span style=\"color: #0000ff;\"><strong>Datenintegration und -management<br \/><\/strong><\/span>Eine erfolgreiche BI-L\u00f6sung erfordert eine saubere und konsistente Datenbasis. Wir \u00fcbernehmen die Integration Ihrer verschiedenen Datenquellen und implementieren Prozesse zur Datenbereinigung und -validierung. Dadurch stellen wir sicher, dass Ihre BI-L\u00f6sung auf qualitativ hochwertigen und verl\u00e4sslichen Daten basiert.<\/p><p><strong><span style=\"color: #0000ff;\">Modellierung und Analyse<\/span><br \/><\/strong>Mit unserer Expertise in der Datenmodellierung entwickeln wir ein Datenmodell, das die Struktur und Beziehungen Ihrer Daten optimal abbildet. Dies erm\u00f6glicht pr\u00e4zise Analysen und die Erstellung aussagekr\u00e4ftiger Berichte und Dashboards, die Ihre Gesch\u00e4ftsentscheidungen unterst\u00fctzen.<\/p><p><strong><span style=\"color: #0000ff;\">Reporting und Dashboards<\/span><br \/><\/strong>Wir gestalten benutzerfreundliche und anpassbare Dashboards und Berichte, die Ihnen einen schnellen \u00dcberblick \u00fcber wichtige Kennzahlen und Trends bieten. Diese Dashboards k\u00f6nnen an die spezifischen Bed\u00fcrfnisse verschiedener Abteilungen oder Benutzergruppen angepasst werden und erm\u00f6glichen es, auf einen Blick die Leistung Ihres Unternehmens zu \u00fcberwachen.<\/p><p><strong><span style=\"color: #0000ff;\">Schulung und Support<\/span><br \/><\/strong>Eine BI-L\u00f6sung ist nur dann erfolgreich, wenn sie von den Mitarbeitern effektiv genutzt wird. Daher bieten wir umfassende Schulungen an, um sicherzustellen, dass Ihre Teams die Tools und Berichte optimal nutzen k\u00f6nnen. Zudem stehen wir f\u00fcr fortlaufenden Support zur Verf\u00fcgung, um Ihre BI-L\u00f6sung bei Bedarf anzupassen und weiterzuentwickeln.<\/p><p><strong><span style=\"color: #0000ff;\">Fortlaufende Optimierung<\/span><br \/><\/strong>Die BI-Landschaft entwickelt sich st\u00e4ndig weiter, und so tun es auch Ihre Gesch\u00e4ftsanforderungen. Wir bieten kontinuierliche Optimierungsdienste an, um sicherzustellen, dass Ihre BI-L\u00f6sung stets den aktuellen Anforderungen entspricht und Ihnen weiterhin einen Wettbewerbsvorteil verschafft.<\/p>\t\t\t\t\t\t\t\t<\/div>\n\t\t\t\t<\/div>\n\t\t\t\t<div class=\"elementor-element elementor-element-c824289 elementor-widget elementor-widget-heading\" data-id=\"c824289\" data-element_type=\"widget\" data-e-type=\"widget\" data-widget_type=\"heading.default\">\n\t\t\t\t<div class=\"elementor-widget-container\">\n\t\t\t\t\t<h4 class=\"elementor-heading-title elementor-size-default\">Fragen zu Datenmodellierung<\/h4>\t\t\t\t<\/div>\n\t\t\t\t<\/div>\n\t\t\t\t\t<\/div>\n\t\t\t\t<\/div>\n\t\t<div class=\"elementor-element elementor-element-89b59be e-flex e-con-boxed e-con e-parent\" data-id=\"89b59be\" data-element_type=\"container\" data-e-type=\"container\">\n\t\t\t\t\t<div class=\"e-con-inner\">\n\t\t\t\t<div class=\"elementor-element elementor-element-e2aa5d7 elementor-widget elementor-widget-tragafaq\" data-id=\"e2aa5d7\" data-element_type=\"widget\" data-e-type=\"widget\" data-widget_type=\"tragafaq.default\">\n\t\t\t\t<div class=\"elementor-widget-container\">\n\t\t\t\t\t<div class=\"accordion-area accordion\" id=\"faqAccordion\"><div class=\"accordion-card style2 active\"><div class=\"accordion-header\" id=\"collapse-item-1\"><button class=\"accordion-button \" type=\"button\" data-bs-toggle=\"collapse\" data-bs-target=\"#collapse-1\" aria-expanded=\"true\" aria-controls=\"collapse-1\">Was sind die ersten Schritte bei der Implementierung einer BI-L\u00f6sung?<\/button><\/div><div id=\"collapse-1\" class=\"accordion-collapse collapse show \" aria-labelledby=\"collapse-item-1\" data-bs-parent=\"#faqAccordion\"><div class=\"accordion-body\"><p class=\"faq-text\">Die ersten Schritte umfassen eine gr\u00fcndliche Bedarfsanalyse, in der die Gesch\u00e4ftsanforderungen definiert werden, gefolgt von der Auswahl der passenden BI-Tools und der Entwicklung einer ma\u00dfgeschneiderten Implementierungsstrategie.<\/p><\/div><\/div><\/div><div class=\"accordion-card style2 \"><div class=\"accordion-header\" id=\"collapse-item-2\"><button class=\"accordion-button collapsed\" type=\"button\" data-bs-toggle=\"collapse\" data-bs-target=\"#collapse-2\" aria-expanded=\"false\" aria-controls=\"collapse-2\">Welche Technologien werden bei der Implementierung einer BI-L\u00f6sung verwendet?<\/button><\/div><div id=\"collapse-2\" class=\"accordion-collapse collapse  \" aria-labelledby=\"collapse-item-2\" data-bs-parent=\"#faqAccordion\"><div class=\"accordion-body\"><p class=\"faq-text\">Wir verwenden eine Vielzahl von BI-Technologien, je nach den spezifischen Anforderungen des Unternehmens, einschlie\u00dflich BI-Tools wie Power BI, SQL Server, Azure Data Services und mehr.<\/p><\/div><\/div><\/div><div class=\"accordion-card style2 \"><div class=\"accordion-header\" id=\"collapse-item-3\"><button class=\"accordion-button collapsed\" type=\"button\" data-bs-toggle=\"collapse\" data-bs-target=\"#collapse-3\" aria-expanded=\"false\" aria-controls=\"collapse-3\">Wie lange dauert die Implementierung einer BI-L\u00f6sung?<\/button><\/div><div id=\"collapse-3\" class=\"accordion-collapse collapse  \" aria-labelledby=\"collapse-item-3\" data-bs-parent=\"#faqAccordion\"><div class=\"accordion-body\"><p class=\"faq-text\">Die Dauer h\u00e4ngt von der Komplexit\u00e4t der Anforderungen ab. Kleinere Projekte k\u00f6nnen in wenigen Wochen abgeschlossen werden, w\u00e4hrend komplexere Implementierungen mehrere Monate in Anspruch nehmen k\u00f6nnen.<\/p><\/div><\/div><\/div><div class=\"accordion-card style2 \"><div class=\"accordion-header\" id=\"collapse-item-4\"><button class=\"accordion-button collapsed\" type=\"button\" data-bs-toggle=\"collapse\" data-bs-target=\"#collapse-4\" aria-expanded=\"false\" aria-controls=\"collapse-4\">Kann eine BI-L\u00f6sung an bestehende IT-Systeme integriert werden?<\/button><\/div><div id=\"collapse-4\" class=\"accordion-collapse collapse  \" aria-labelledby=\"collapse-item-4\" data-bs-parent=\"#faqAccordion\"><div class=\"accordion-body\"><p class=\"faq-text\">Ja, unsere BI-L\u00f6sungen k\u00f6nnen problemlos in bestehende IT-Infrastrukturen integriert werden, um Daten aus verschiedenen Systemen zusammenzuf\u00fchren und zu analysieren.<\/p><\/div><\/div><\/div><div class=\"accordion-card style2 \"><div class=\"accordion-header\" id=\"collapse-item-5\"><button class=\"accordion-button collapsed\" type=\"button\" data-bs-toggle=\"collapse\" data-bs-target=\"#collapse-5\" aria-expanded=\"false\" aria-controls=\"collapse-5\">Was sind die Hauptvorteile der Implementierung einer BI-L\u00f6sung?<\/button><\/div><div id=\"collapse-5\" class=\"accordion-collapse collapse  \" aria-labelledby=\"collapse-item-5\" data-bs-parent=\"#faqAccordion\"><div class=\"accordion-body\"><p class=\"faq-text\">Zu den Hauptvorteilen geh\u00f6ren fundierte Entscheidungsfindung, Zeit- und Kosteneffizienz, verbesserte Datenqualit\u00e4t, erh\u00f6hte Transparenz und die M\u00f6glichkeit, schnell auf Marktver\u00e4nderungen zu reagieren.<\/p><\/div><\/div><\/div><div class=\"accordion-card style2 \"><div class=\"accordion-header\" id=\"collapse-item-6\"><button class=\"accordion-button collapsed\" type=\"button\" data-bs-toggle=\"collapse\" data-bs-target=\"#collapse-6\" aria-expanded=\"false\" aria-controls=\"collapse-6\">Wie werden Daten in einer BI-L\u00f6sung integriert und verwaltet?<\/button><\/div><div id=\"collapse-6\" class=\"accordion-collapse collapse  \" aria-labelledby=\"collapse-item-6\" data-bs-parent=\"#faqAccordion\"><div class=\"accordion-body\"><p class=\"faq-text\">Daten werden aus verschiedenen Quellen integriert, bereinigt und in einem zentralen Datenrepository oder Data Warehouse gespeichert. Wir implementieren auch Prozesse zur kontinuierlichen Datenvalidierung und -aktualisierung.<\/p><\/div><\/div><\/div><div class=\"accordion-card style2 \"><div class=\"accordion-header\" id=\"collapse-item-7\"><button class=\"accordion-button collapsed\" type=\"button\" data-bs-toggle=\"collapse\" data-bs-target=\"#collapse-7\" aria-expanded=\"false\" aria-controls=\"collapse-7\">Welche Schulungen bieten Sie zur Nutzung der BI-L\u00f6sung an?<\/button><\/div><div id=\"collapse-7\" class=\"accordion-collapse collapse  \" aria-labelledby=\"collapse-item-7\" data-bs-parent=\"#faqAccordion\"><div class=\"accordion-body\"><p class=\"faq-text\">Wir bieten umfassende Schulungen f\u00fcr Ihre Teams an, um sicherzustellen, dass sie die BI-Tools effektiv nutzen k\u00f6nnen, von grundlegenden Funktionen bis hin zu fortgeschrittenen Analysetechniken.<\/p><\/div><\/div><\/div><div class=\"accordion-card style2 \"><div class=\"accordion-header\" id=\"collapse-item-8\"><button class=\"accordion-button collapsed\" type=\"button\" data-bs-toggle=\"collapse\" data-bs-target=\"#collapse-8\" aria-expanded=\"false\" aria-controls=\"collapse-8\">Wie k\u00f6nnen wir sicherstellen, dass unsere BI-L\u00f6sung zukunftssicher ist?<\/button><\/div><div id=\"collapse-8\" class=\"accordion-collapse collapse  \" aria-labelledby=\"collapse-item-8\" data-bs-parent=\"#faqAccordion\"><div class=\"accordion-body\"><p class=\"faq-text\">Unsere BI-L\u00f6sungen sind skalierbar und flexibel gestaltet, sodass sie mit Ihrem Unternehmen wachsen k\u00f6nnen. Wir bieten auch fortlaufende Unterst\u00fctzung und Optimierungen, um sicherzustellen, dass Ihre L\u00f6sung den aktuellen und zuk\u00fcnftigen Anforderungen entspricht.<\/p><\/div><\/div><\/div><div class=\"accordion-card style2 \"><div class=\"accordion-header\" id=\"collapse-item-9\"><button class=\"accordion-button collapsed\" type=\"button\" data-bs-toggle=\"collapse\" data-bs-target=\"#collapse-9\" aria-expanded=\"false\" aria-controls=\"collapse-9\">Welche Arten von Berichten und Dashboards k\u00f6nnen erstellt werden?<\/button><\/div><div id=\"collapse-9\" class=\"accordion-collapse collapse  \" aria-labelledby=\"collapse-item-9\" data-bs-parent=\"#faqAccordion\"><div class=\"accordion-body\"><p class=\"faq-text\">Unsere BI-L\u00f6sungen erm\u00f6glichen die Erstellung einer Vielzahl von Berichten und Dashboards, die auf die spezifischen Anforderungen Ihres Unternehmens zugeschnitten sind, einschlie\u00dflich Echtzeit-Dashboards, Ad-hoc-Berichte und detaillierte Analysen.<\/p><\/div><\/div><\/div><div class=\"accordion-card style2 \"><div class=\"accordion-header\" id=\"collapse-item-10\"><button class=\"accordion-button collapsed\" type=\"button\" data-bs-toggle=\"collapse\" data-bs-target=\"#collapse-10\" aria-expanded=\"false\" aria-controls=\"collapse-10\">Wie unterst\u00fctzt GDS Business Intelligence GmbH uns nach der Implementierung?<\/button><\/div><div id=\"collapse-10\" class=\"accordion-collapse collapse  \" aria-labelledby=\"collapse-item-10\" data-bs-parent=\"#faqAccordion\"><div class=\"accordion-body\"><p class=\"faq-text\">Wir bieten fortlaufenden Support, einschlie\u00dflich Wartung, Optimierung und Schulungen, um sicherzustellen, dass Ihre BI-L\u00f6sung stets optimal funktioniert und auf Ihre sich \u00e4ndernden Gesch\u00e4ftsanforderungen reagiert.<\/p><\/div><\/div><\/div><\/div>\t\t\t\t<\/div>\n\t\t\t\t<\/div>\n\t\t\t\t<div class=\"elementor-element elementor-element-b338353 elementor-widget elementor-widget-heading\" data-id=\"b338353\" data-element_type=\"widget\" data-e-type=\"widget\" data-widget_type=\"heading.default\">\n\t\t\t\t<div class=\"elementor-widget-container\">\n\t\t\t\t\t<h4 class=\"elementor-heading-title elementor-size-default\">Fazit\n<\/h4>\t\t\t\t<\/div>\n\t\t\t\t<\/div>\n\t\t\t\t<div class=\"elementor-element elementor-element-b88880f elementor-widget elementor-widget-text-editor\" data-id=\"b88880f\" data-element_type=\"widget\" data-e-type=\"widget\" data-widget_type=\"text-editor.default\">\n\t\t\t\t<div class=\"elementor-widget-container\">\n\t\t\t\t\t\t\t\t\t<p>Die Implementierung einer Business Intelligence-L\u00f6sung ist ein entscheidender Schritt auf dem Weg zu einer datengetriebenen Unternehmensf\u00fchrung. GDS Business Intelligence GmbH unterst\u00fctzt Sie dabei, eine ma\u00dfgeschneiderte BI-L\u00f6sung zu entwickeln, die Ihre Daten effektiv nutzt und Ihnen hilft, fundierte Entscheidungen zu treffen. Mit unserer Expertise in der BI-Implementierung k\u00f6nnen Sie sicher sein, dass Ihre BI-L\u00f6sung nicht nur Ihre aktuellen Bed\u00fcrfnisse erf\u00fcllt, sondern auch zukunftssicher ist und Ihnen langfristig einen Wettbewerbsvorteil verschafft.<\/p>\t\t\t\t\t\t\t\t<\/div>\n\t\t\t\t<\/div>\n\t\t\t\t\t<\/div>\n\t\t\t\t<\/div>\n\t\t\t\t<\/div>\n\t\t","protected":false},"excerpt":{"rendered":"<p>In einer \u00c4ra, in der Daten als das neue \u00d6l betrachtet werden, ist die F\u00e4higkeit, aus diesen Daten wertvolle Erkenntnisse zu gewinnen, entscheidend f\u00fcr den Erfolg eines Unternehmens. Business Intelligence (BI) ist das Mittel, um Rohdaten in verwertbare Informationen zu verwandeln, die fundierte Entscheidungen unterst\u00fctzen und Wettbewerbsvorteile schaffen. Die Implementierung von BI-L\u00f6sungen ist jedoch ein&#8230;<\/p>\n","protected":false},"author":1,"featured_media":7505,"parent":0,"menu_order":0,"comment_status":"closed","ping_status":"closed","template":"template-builder.php","meta":{"footnotes":""},"class_list":["post-7601","page","type-page","status-publish","has-post-thumbnail","hentry"],"_links":{"self":[{"href":"https:\/\/gds-business-intelligence.de\/index.php?rest_route=\/wp\/v2\/pages\/7601","targetHints":{"allow":["GET"]}}],"collection":[{"href":"https:\/\/gds-business-intelligence.de\/index.php?rest_route=\/wp\/v2\/pages"}],"about":[{"href":"https:\/\/gds-business-intelligence.de\/index.php?rest_route=\/wp\/v2\/types\/page"}],"author":[{"embeddable":true,"href":"https:\/\/gds-business-intelligence.de\/index.php?rest_route=\/wp\/v2\/users\/1"}],"replies":[{"embeddable":true,"href":"https:\/\/gds-business-intelligence.de\/index.php?rest_route=%2Fwp%2Fv2%2Fcomments&post=7601"}],"version-history":[{"count":13,"href":"https:\/\/gds-business-intelligence.de\/index.php?rest_route=\/wp\/v2\/pages\/7601\/revisions"}],"predecessor-version":[{"id":7614,"href":"https:\/\/gds-business-intelligence.de\/index.php?rest_route=\/wp\/v2\/pages\/7601\/revisions\/7614"}],"wp:featuredmedia":[{"embeddable":true,"href":"https:\/\/gds-business-intelligence.de\/index.php?rest_route=\/wp\/v2\/media\/7505"}],"wp:attachment":[{"href":"https:\/\/gds-business-intelligence.de\/index.php?rest_route=%2Fwp%2Fv2%2Fmedia&parent=7601"}],"curies":[{"name":"wp","href":"https:\/\/api.w.org\/{rel}","templated":true}]}}