{"id":7649,"date":"2024-08-23T14:54:44","date_gmt":"2024-08-23T14:54:44","guid":{"rendered":"https:\/\/gds-business-intelligence.de\/?page_id=7649"},"modified":"2024-08-23T15:12:09","modified_gmt":"2024-08-23T15:12:09","slug":"analyse-visualisierung","status":"publish","type":"page","link":"https:\/\/gds-business-intelligence.de\/?page_id=7649","title":{"rendered":"Datenanalyse und Visualisierung"},"content":{"rendered":"\t\t<div data-elementor-type=\"wp-page\" data-elementor-id=\"7649\" class=\"elementor elementor-7649\">\n\t\t\t\t<div class=\"elementor-element elementor-element-659fc11 e-flex e-con-boxed e-con e-parent\" data-id=\"659fc11\" data-element_type=\"container\" data-e-type=\"container\">\n\t\t\t\t\t<div class=\"e-con-inner\">\n\t\t<div class=\"elementor-element elementor-element-7421c8c e-con-full e-flex e-con e-child\" data-id=\"7421c8c\" data-element_type=\"container\" data-e-type=\"container\">\n\t\t\t\t<\/div>\n\t\t\t\t<div class=\"elementor-element elementor-element-438c258 elementor-widget elementor-widget-text-editor\" data-id=\"438c258\" data-element_type=\"widget\" data-e-type=\"widget\" data-widget_type=\"text-editor.default\">\n\t\t\t\t<div class=\"elementor-widget-container\">\n\t\t\t\t\t\t\t\t\t<p>In der heutigen Gesch\u00e4ftswelt sind Daten von unsch\u00e4tzbarem Wert. Unternehmen, die ihre Daten effektiv analysieren und visualisieren k\u00f6nnen, sind in der Lage, fundierte Entscheidungen zu treffen, die zu einem Wettbewerbsvorteil f\u00fchren. Doch Rohdaten allein bieten wenig Nutzen. Erst durch eine systematische Analyse und eine klare Visualisierung werden diese Daten zu wertvollen Informationen, die strategische Entscheidungen unterst\u00fctzen. GDS Business Intelligence GmbH bietet umfassende Dienstleistungen im Bereich Datenanalyse und Visualisierung an, die Unternehmen helfen, das volle Potenzial ihrer Daten auszusch\u00f6pfen und ihre Gesch\u00e4ftsziele zu erreichen.<\/p>\t\t\t\t\t\t\t\t<\/div>\n\t\t\t\t<\/div>\n\t\t\t\t<div class=\"elementor-element elementor-element-8d9b255 elementor-widget elementor-widget-heading\" data-id=\"8d9b255\" data-element_type=\"widget\" data-e-type=\"widget\" data-widget_type=\"heading.default\">\n\t\t\t\t<div class=\"elementor-widget-container\">\n\t\t\t\t\t<h4 class=\"elementor-heading-title elementor-size-default\">Warum sind Datenanalyse und Datenvisualisierung so wichtig?<\/h4>\t\t\t\t<\/div>\n\t\t\t\t<\/div>\n\t\t\t\t<div class=\"elementor-element elementor-element-ac082de elementor-widget elementor-widget-text-editor\" data-id=\"ac082de\" data-element_type=\"widget\" data-e-type=\"widget\" data-widget_type=\"text-editor.default\">\n\t\t\t\t<div class=\"elementor-widget-container\">\n\t\t\t\t\t\t\t\t\t<p>Datenanalyse ist der Prozess, bei dem Rohdaten systematisch untersucht werden, um Muster, Trends und Zusammenh\u00e4nge zu identifizieren. Diese Erkenntnisse sind entscheidend, um Gesch\u00e4ftsprozesse zu optimieren, Kundenbed\u00fcrfnisse besser zu verstehen und Marktchancen zu erkennen. Datenanalyse erm\u00f6glicht es Unternehmen, fundierte Entscheidungen zu treffen, die auf soliden, evidenzbasierten Erkenntnissen beruhen, anstatt auf Vermutungen oder Intuition.<\/p><p>Ohne eine sorgf\u00e4ltige Datenanalyse k\u00f6nnen Unternehmen wichtige Informationen \u00fcbersehen, was zu falschen Entscheidungen und verpassten Chancen f\u00fchren kann. In einer datengetriebenen Welt ist die F\u00e4higkeit, aus Daten sinnvolle Erkenntnisse zu gewinnen, ein entscheidender Erfolgsfaktor.<\/p><p>Datenvisualisierung ist der Prozess, bei dem komplexe Daten in visuelle Formate wie Diagramme, Grafiken und Dashboards umgewandelt werden. Eine effektive Visualisierung macht es einfacher, gro\u00dfe Datenmengen zu verstehen und Erkenntnisse schnell zu erfassen. Visualisierungen erm\u00f6glichen es, Daten auf einen Blick zu interpretieren und komplexe Zusammenh\u00e4nge verst\u00e4ndlich darzustellen.<\/p><p>Gut gestaltete Visualisierungen sind nicht nur ein n\u00fctzliches Werkzeug f\u00fcr die Entscheidungsfindung, sondern auch ein wirksames Kommunikationsmittel. Sie erm\u00f6glichen es F\u00fchrungskr\u00e4ften und Teams, schnell auf wichtige Informationen zuzugreifen und fundierte Entscheidungen zu treffen, die auf klaren und verst\u00e4ndlichen Daten basieren.<\/p>\t\t\t\t\t\t\t\t<\/div>\n\t\t\t\t<\/div>\n\t\t\t\t<div class=\"elementor-element elementor-element-f23cab0 elementor-widget elementor-widget-heading\" data-id=\"f23cab0\" data-element_type=\"widget\" data-e-type=\"widget\" data-widget_type=\"heading.default\">\n\t\t\t\t<div class=\"elementor-widget-container\">\n\t\t\t\t\t<h4 class=\"elementor-heading-title elementor-size-default\">Der Nutzen f\u00fcr Ihr Unternehmen<\/h4>\t\t\t\t<\/div>\n\t\t\t\t<\/div>\n\t\t\t\t<div class=\"elementor-element elementor-element-72d544a elementor-widget elementor-widget-text-editor\" data-id=\"72d544a\" data-element_type=\"widget\" data-e-type=\"widget\" data-widget_type=\"text-editor.default\">\n\t\t\t\t<div class=\"elementor-widget-container\">\n\t\t\t\t\t\t\t\t\t<p>Die Zusammenarbeit mit GDS Business Intelligence GmbH im Bereich Datenanalyse und Visualisierung bietet zahlreiche Vorteile, die Ihrem Unternehmen helfen, in einer datengetriebenen Welt erfolgreich zu sein:<\/p>\t\t\t\t\t\t\t\t<\/div>\n\t\t\t\t<\/div>\n\t\t\t\t<div class=\"elementor-element elementor-element-80379e0 elementor-widget elementor-widget-tragafeature\" data-id=\"80379e0\" data-element_type=\"widget\" data-e-type=\"widget\" data-widget_type=\"tragafeature.default\">\n\t\t\t\t<div class=\"elementor-widget-container\">\n\t\t\t\t\t<div class=\"service-feature-wrap\"><div class=\"service-feature\"><div class=\"service-feature_icon\"><img decoding=\"async\" src=\"https:\/\/gds-business-intelligence.de\/wp-content\/uploads\/2024\/08\/Entsscheidungsfindung-white.png\" alt=\"GDS%20Business%20Intelligence%20Website\"  \/><\/div><div class=\"media-body\"><h4 class=\"service-feature_title\">Erh\u00f6hte Reaktionsgeschwindigkeit<\/h4><p class=\"service-feature_text\">Echtzeit-Dashboards erm\u00f6glichen eine schnelle Reaktion auf Ver\u00e4nderungen, wodurch Risiken minimiert und Chancen besser genutzt werden.<\/p><\/div><\/div><div class=\"service-feature\"><div class=\"service-feature_icon\"><img decoding=\"async\" src=\"https:\/\/gds-business-intelligence.de\/wp-content\/uploads\/2024\/08\/Effizienz-white.png\" alt=\"GDS%20Business%20Intelligence%20Website\"  \/><\/div><div class=\"media-body\"><h4 class=\"service-feature_title\">Besseres Kundenverst\u00e4ndnis<\/h4><p class=\"service-feature_text\">Durch tiefgehende Analysen von Kundendaten k\u00f6nnen Unternehmen die Bed\u00fcrfnisse ihrer Kunden besser verstehen und gezielte Strategien entwickeln.<\/p><\/div><\/div><div class=\"service-feature\"><div class=\"service-feature_icon\"><img decoding=\"async\" src=\"https:\/\/gds-business-intelligence.de\/wp-content\/uploads\/2024\/08\/Kostenreduktion-white.png\" alt=\"GDS%20Business%20Intelligence%20Website\"  \/><\/div><div class=\"media-body\"><h4 class=\"service-feature_title\">Erh\u00f6hte Akzeptanz von BI-Tools<\/h4><p class=\"service-feature_text\">Intuitive und benutzerfreundliche Visualisierungen f\u00f6rdern die Akzeptanz und den effizienten Einsatz von BI-Tools im Unternehmen.<\/p><\/div><\/div><div class=\"service-feature\"><div class=\"service-feature_icon\"><img decoding=\"async\" src=\"https:\/\/gds-business-intelligence.de\/wp-content\/uploads\/2024\/08\/Datensicherheit-white.png\" alt=\"GDS%20Business%20Intelligence%20Website\"  \/><\/div><div class=\"media-body\"><h4 class=\"service-feature_title\">Langfristige Planungssicherheit<\/h4><p class=\"service-feature_text\">Pr\u00e4diktive Analysen und Forecasting-Modelle bieten eine solide Grundlage f\u00fcr langfristige strategische Planung und Unternehmensausrichtung.<\/p><\/div><\/div><\/div>\t\t\t\t<\/div>\n\t\t\t\t<\/div>\n\t\t\t\t<div class=\"elementor-element elementor-element-f75f4b4 elementor-widget elementor-widget-heading\" data-id=\"f75f4b4\" data-element_type=\"widget\" data-e-type=\"widget\" data-widget_type=\"heading.default\">\n\t\t\t\t<div class=\"elementor-widget-container\">\n\t\t\t\t\t<h4 class=\"elementor-heading-title elementor-size-default\">Unsere Services im Bereich Datenanalyse und Visualisierung<\/h4>\t\t\t\t<\/div>\n\t\t\t\t<\/div>\n\t\t\t\t<div class=\"elementor-element elementor-element-1305204 elementor-widget elementor-widget-text-editor\" data-id=\"1305204\" data-element_type=\"widget\" data-e-type=\"widget\" data-widget_type=\"text-editor.default\">\n\t\t\t\t<div class=\"elementor-widget-container\">\n\t\t\t\t\t\t\t\t\t<p>GDS Business Intelligence GmbH bietet umfassende Dienstleistungen in den Bereichen Datenanalyse und Visualisierung an, die individuell auf die Bed\u00fcrfnisse unserer Kunden abgestimmt sind. Wir setzen modernste Tools und Techniken ein, um Daten zu analysieren und sie in aussagekr\u00e4ftige, leicht verst\u00e4ndliche Visualisierungen zu \u00fcberf\u00fchren.<\/p><p><strong><span style=\"color: #0000ff;\">Datenanalyse mit modernster Technologie<\/span><br \/><\/strong>Wir nutzen fortschrittliche Analysetechniken, einschlie\u00dflich statistischer Analysen, pr\u00e4diktiver Modellierung und maschinellem Lernen, um tiefe Einblicke in Ihre Daten zu gewinnen. Unsere Analysen helfen Ihnen, verborgene Muster zu erkennen, Risiken zu minimieren und neue Gesch\u00e4ftsm\u00f6glichkeiten zu identifizieren.<\/p><p><strong><span style=\"color: #0000ff;\">Ma\u00dfgeschneiderte Datenvisualisierung<\/span><br \/><\/strong>Wir erstellen ma\u00dfgeschneiderte Visualisierungen, die komplexe Daten in klare, leicht verst\u00e4ndliche Grafiken, Diagramme und Dashboards umwandeln. Diese Visualisierungen sind auf die spezifischen Anforderungen Ihres Unternehmens abgestimmt und helfen Ihnen, die wichtigsten Informationen schnell und effizient zu erfassen.<\/p><p><strong><span style=\"color: #0000ff;\">Entwicklung interaktiver Dashboards<\/span><br \/><\/strong>Wir entwickeln interaktive Dashboards, die es Ihnen erm\u00f6glichen, Ihre Daten in Echtzeit zu \u00fcberwachen und verschiedene Szenarien durchzuspielen. Diese Dashboards bieten Ihnen einen umfassenden \u00dcberblick \u00fcber Ihre Gesch\u00e4ftsprozesse und unterst\u00fctzen Sie dabei, schnelle und fundierte Entscheidungen zu treffen.<\/p><p><strong><span style=\"color: #0000ff;\">Integration von Business Intelligence (BI)-Tools<\/span><br \/><\/strong>GDS Business Intelligence GmbH hilft Ihnen bei der Implementierung und Integration f\u00fchrender BI-Tools wie Power BI, Tableau oder Qlik. Diese Tools erm\u00f6glichen es Ihnen, Daten aus verschiedenen Quellen zu konsolidieren, zu analysieren und zu visualisieren, um ein vollst\u00e4ndiges Bild Ihrer Gesch\u00e4ftsleistung zu erhalten.<\/p><p><strong><span style=\"color: #0000ff;\">Pr\u00e4diktive Analysen und Forecasting<\/span><br \/><\/strong>Neben der Analyse historischer Daten bieten wir pr\u00e4diktive Analysen und Forecasting-Modelle an, die Ihnen helfen, zuk\u00fcnftige Trends vorherzusehen und strategische Entscheidungen proaktiv zu treffen.<\/p><p><strong><span style=\"color: #0000ff;\">Schulung und fortlaufender Support<\/span><br \/><\/strong>Um sicherzustellen, dass Ihre Teams die neuen Analysetools und Visualisierungen optimal nutzen k\u00f6nnen, bieten wir umfassende Schulungen an. Dar\u00fcber hinaus stehen wir Ihnen mit fortlaufendem Support zur Seite, um sicherzustellen, dass Ihre Datenanalysen und Visualisierungen immer auf dem neuesten Stand sind.<\/p>\t\t\t\t\t\t\t\t<\/div>\n\t\t\t\t<\/div>\n\t\t\t\t<div class=\"elementor-element elementor-element-c824289 elementor-widget elementor-widget-heading\" data-id=\"c824289\" data-element_type=\"widget\" data-e-type=\"widget\" data-widget_type=\"heading.default\">\n\t\t\t\t<div class=\"elementor-widget-container\">\n\t\t\t\t\t<h4 class=\"elementor-heading-title elementor-size-default\">Fragen zu Datenmodellierung<\/h4>\t\t\t\t<\/div>\n\t\t\t\t<\/div>\n\t\t\t\t\t<\/div>\n\t\t\t\t<\/div>\n\t\t<div class=\"elementor-element elementor-element-89b59be e-flex e-con-boxed e-con e-parent\" data-id=\"89b59be\" data-element_type=\"container\" data-e-type=\"container\">\n\t\t\t\t\t<div class=\"e-con-inner\">\n\t\t\t\t<div class=\"elementor-element elementor-element-e2aa5d7 elementor-widget elementor-widget-tragafaq\" data-id=\"e2aa5d7\" data-element_type=\"widget\" data-e-type=\"widget\" data-widget_type=\"tragafaq.default\">\n\t\t\t\t<div class=\"elementor-widget-container\">\n\t\t\t\t\t<div class=\"accordion-area accordion\" id=\"faqAccordion\"><div class=\"accordion-card style2 active\"><div class=\"accordion-header\" id=\"collapse-item-1\"><button class=\"accordion-button \" type=\"button\" data-bs-toggle=\"collapse\" data-bs-target=\"#collapse-1\" aria-expanded=\"true\" aria-controls=\"collapse-1\">Was ist der Unterschied zwischen Datenanalyse und Datenvisualisierung?<\/button><\/div><div id=\"collapse-1\" class=\"accordion-collapse collapse show \" aria-labelledby=\"collapse-item-1\" data-bs-parent=\"#faqAccordion\"><div class=\"accordion-body\"><p class=\"faq-text\">Datenanalyse umfasst die systematische Untersuchung von Daten, um Muster, Trends und Zusammenh\u00e4nge zu identifizieren, w\u00e4hrend Datenvisualisierung diese Erkenntnisse in grafischen Formaten wie Diagrammen, Grafiken und Dashboards darstellt, um sie leichter verst\u00e4ndlich zu machen.<\/p><\/div><\/div><\/div><div class=\"accordion-card style2 \"><div class=\"accordion-header\" id=\"collapse-item-2\"><button class=\"accordion-button collapsed\" type=\"button\" data-bs-toggle=\"collapse\" data-bs-target=\"#collapse-2\" aria-expanded=\"false\" aria-controls=\"collapse-2\">Warum ist Datenvisualisierung f\u00fcr mein Unternehmen wichtig?<\/button><\/div><div id=\"collapse-2\" class=\"accordion-collapse collapse  \" aria-labelledby=\"collapse-item-2\" data-bs-parent=\"#faqAccordion\"><div class=\"accordion-body\"><p class=\"faq-text\"> Datenvisualisierung macht komplexe Daten leicht verst\u00e4ndlich, erm\u00f6glicht es Ihnen, schnell wichtige Informationen zu erfassen, und unterst\u00fctzt die Kommunikation von Erkenntnissen innerhalb des Unternehmens.<\/p><\/div><\/div><\/div><div class=\"accordion-card style2 \"><div class=\"accordion-header\" id=\"collapse-item-3\"><button class=\"accordion-button collapsed\" type=\"button\" data-bs-toggle=\"collapse\" data-bs-target=\"#collapse-3\" aria-expanded=\"false\" aria-controls=\"collapse-3\">Welche Tools verwendet GDS Business Intelligence GmbH f\u00fcr die Datenanalyse und Visualisierung?<\/button><\/div><div id=\"collapse-3\" class=\"accordion-collapse collapse  \" aria-labelledby=\"collapse-item-3\" data-bs-parent=\"#faqAccordion\"><div class=\"accordion-body\"><p class=\"faq-text\">Wir verwenden f\u00fchrende BI-Tools wie Power BI, Tableau und Qlik sowie fortschrittliche Analysetechniken, einschlie\u00dflich maschinellem Lernen und pr\u00e4diktiver Modellierung.<\/p><\/div><\/div><\/div><div class=\"accordion-card style2 \"><div class=\"accordion-header\" id=\"collapse-item-4\"><button class=\"accordion-button collapsed\" type=\"button\" data-bs-toggle=\"collapse\" data-bs-target=\"#collapse-4\" aria-expanded=\"false\" aria-controls=\"collapse-4\">Wie kann die Datenanalyse meinem Unternehmen helfen, bessere Entscheidungen zu treffen?<\/button><\/div><div id=\"collapse-4\" class=\"accordion-collapse collapse  \" aria-labelledby=\"collapse-item-4\" data-bs-parent=\"#faqAccordion\"><div class=\"accordion-body\"><p class=\"faq-text\">Durch die Analyse Ihrer Daten k\u00f6nnen wir verborgene Muster und Trends aufdecken, die Ihnen helfen, fundierte Entscheidungen zu treffen, Risiken zu minimieren und neue Gesch\u00e4ftsm\u00f6glichkeiten zu identifizieren.<\/p><\/div><\/div><\/div><div class=\"accordion-card style2 \"><div class=\"accordion-header\" id=\"collapse-item-5\"><button class=\"accordion-button collapsed\" type=\"button\" data-bs-toggle=\"collapse\" data-bs-target=\"#collapse-5\" aria-expanded=\"false\" aria-controls=\"collapse-5\">Was sind interaktive Dashboards, und wie k\u00f6nnen sie meinem Unternehmen nutzen?<\/button><\/div><div id=\"collapse-5\" class=\"accordion-collapse collapse  \" aria-labelledby=\"collapse-item-5\" data-bs-parent=\"#faqAccordion\"><div class=\"accordion-body\"><p class=\"faq-text\">Interaktive Dashboards sind benutzerdefinierte, dynamische Oberfl\u00e4chen, die Echtzeit-Einblicke in Ihre Daten bieten. Sie erm\u00f6glichen es Ihnen, Daten zu filtern, zu erkunden und schnell auf Ver\u00e4nderungen zu reagieren.<\/p><\/div><\/div><\/div><div class=\"accordion-card style2 \"><div class=\"accordion-header\" id=\"collapse-item-6\"><button class=\"accordion-button collapsed\" type=\"button\" data-bs-toggle=\"collapse\" data-bs-target=\"#collapse-6\" aria-expanded=\"false\" aria-controls=\"collapse-6\">Wie lange dauert es, eine Datenanalyse- und Visualisierungsl\u00f6sung zu implementieren?<\/button><\/div><div id=\"collapse-6\" class=\"accordion-collapse collapse  \" aria-labelledby=\"collapse-item-6\" data-bs-parent=\"#faqAccordion\"><div class=\"accordion-body\"><p class=\"faq-text\">Ein gut durchdachtes Datenmodell verbessert die Datenqualit\u00e4t, erh\u00f6ht die Effizienz der Datenverarbeitung, reduziert Betriebskosten und sorgt f\u00fcr Flexibilit\u00e4t und Skalierbarkeit, um zuk\u00fcnftige Gesch\u00e4ftsanforderungen zu unterst\u00fctzen.<\/p><\/div><\/div><\/div><div class=\"accordion-card style2 \"><div class=\"accordion-header\" id=\"collapse-item-7\"><button class=\"accordion-button collapsed\" type=\"button\" data-bs-toggle=\"collapse\" data-bs-target=\"#collapse-7\" aria-expanded=\"false\" aria-controls=\"collapse-7\">Kann GDS Business Intelligence GmbH auch Schulungen f\u00fcr meine Mitarbeiter anbieten?<\/button><\/div><div id=\"collapse-7\" class=\"accordion-collapse collapse  \" aria-labelledby=\"collapse-item-7\" data-bs-parent=\"#faqAccordion\"><div class=\"accordion-body\"><p class=\"faq-text\">Ja, wir bieten umfassende Schulungen an, um sicherzustellen, dass Ihre Mitarbeiter die neuen Analysetools und Visualisierungen effektiv nutzen k\u00f6nnen.<\/p><\/div><\/div><\/div><div class=\"accordion-card style2 \"><div class=\"accordion-header\" id=\"collapse-item-8\"><button class=\"accordion-button collapsed\" type=\"button\" data-bs-toggle=\"collapse\" data-bs-target=\"#collapse-8\" aria-expanded=\"false\" aria-controls=\"collapse-8\">Wie k\u00f6nnen pr\u00e4diktive Analysen meinem Unternehmen helfen?<\/button><\/div><div id=\"collapse-8\" class=\"accordion-collapse collapse  \" aria-labelledby=\"collapse-item-8\" data-bs-parent=\"#faqAccordion\"><div class=\"accordion-body\"><p class=\"faq-text\">Pr\u00e4diktive Analysen nutzen historische Daten, um zuk\u00fcnftige Trends und Ergebnisse vorherzusagen. Dies erm\u00f6glicht es Ihnen, proaktiv zu handeln, Risiken zu mindern und Chancen zu maximieren.<\/p><\/div><\/div><\/div><div class=\"accordion-card style2 \"><div class=\"accordion-header\" id=\"collapse-item-9\"><button class=\"accordion-button collapsed\" type=\"button\" data-bs-toggle=\"collapse\" data-bs-target=\"#collapse-9\" aria-expanded=\"false\" aria-controls=\"collapse-9\">Welche Branchen profitieren am meisten von Datenanalyse und Visualisierung?<\/button><\/div><div id=\"collapse-9\" class=\"accordion-collapse collapse  \" aria-labelledby=\"collapse-item-9\" data-bs-parent=\"#faqAccordion\"><div class=\"accordion-body\"><p class=\"faq-text\">Praktisch alle Branchen k\u00f6nnen von Datenanalyse und Visualisierung profitieren, insbesondere solche mit gro\u00dfen Datenmengen wie Finanzdienstleistungen, Gesundheitswesen, E-Commerce und Fertigung.<\/p><\/div><\/div><\/div><div class=\"accordion-card style2 \"><div class=\"accordion-header\" id=\"collapse-item-10\"><button class=\"accordion-button collapsed\" type=\"button\" data-bs-toggle=\"collapse\" data-bs-target=\"#collapse-10\" aria-expanded=\"false\" aria-controls=\"collapse-10\">Wie oft sollten Datenanalyse und Visualisierungen aktualisiert werden?<\/button><\/div><div id=\"collapse-10\" class=\"accordion-collapse collapse  \" aria-labelledby=\"collapse-item-10\" data-bs-parent=\"#faqAccordion\"><div class=\"accordion-body\"><p class=\"faq-text\">Datenanalysen und Visualisierungen sollten regelm\u00e4\u00dfig aktualisiert werden, um sicherzustellen, dass die Daten aktuell und relevant sind. Echtzeit-Dashboards bieten kontinuierliche Updates, w\u00e4hrend andere Berichte je nach Bedarf aktualisiert werden k\u00f6nnen.<\/p><\/div><\/div><\/div><\/div>\t\t\t\t<\/div>\n\t\t\t\t<\/div>\n\t\t\t\t<div class=\"elementor-element elementor-element-b338353 elementor-widget elementor-widget-heading\" data-id=\"b338353\" data-element_type=\"widget\" data-e-type=\"widget\" data-widget_type=\"heading.default\">\n\t\t\t\t<div class=\"elementor-widget-container\">\n\t\t\t\t\t<h4 class=\"elementor-heading-title elementor-size-default\">Fazit\n<\/h4>\t\t\t\t<\/div>\n\t\t\t\t<\/div>\n\t\t\t\t<div class=\"elementor-element elementor-element-b88880f elementor-widget elementor-widget-text-editor\" data-id=\"b88880f\" data-element_type=\"widget\" data-e-type=\"widget\" data-widget_type=\"text-editor.default\">\n\t\t\t\t<div class=\"elementor-widget-container\">\n\t\t\t\t\t\t\t\t\t<p>Datenanalyse und Visualisierung sind unverzichtbare Werkzeuge in der modernen Gesch\u00e4ftswelt. Sie erm\u00f6glichen es Unternehmen, aus ihren Daten wertvolle Erkenntnisse zu gewinnen und fundierte Entscheidungen zu treffen. GDS Business Intelligence GmbH unterst\u00fctzt Sie dabei, diese Prozesse zu meistern und das volle Potenzial Ihrer Daten auszusch\u00f6pfen. Mit unseren ma\u00dfgeschneiderten L\u00f6sungen helfen wir Ihnen, Ihre Daten nicht nur zu verstehen, sondern auch strategisch zu nutzen, um langfristig erfolgreich zu sein.<\/p>\t\t\t\t\t\t\t\t<\/div>\n\t\t\t\t<\/div>\n\t\t\t\t\t<\/div>\n\t\t\t\t<\/div>\n\t\t\t\t<\/div>\n\t\t","protected":false},"excerpt":{"rendered":"<p>In der heutigen Gesch\u00e4ftswelt sind Daten von unsch\u00e4tzbarem Wert. Unternehmen, die ihre Daten effektiv analysieren und visualisieren k\u00f6nnen, sind in der Lage, fundierte Entscheidungen zu treffen, die zu einem Wettbewerbsvorteil f\u00fchren. Doch Rohdaten allein bieten wenig Nutzen. Erst durch eine systematische Analyse und eine klare Visualisierung werden diese Daten zu wertvollen Informationen, die strategische Entscheidungen&#8230;<\/p>\n","protected":false},"author":1,"featured_media":7505,"parent":0,"menu_order":0,"comment_status":"closed","ping_status":"closed","template":"template-builder.php","meta":{"footnotes":""},"class_list":["post-7649","page","type-page","status-publish","has-post-thumbnail","hentry"],"_links":{"self":[{"href":"https:\/\/gds-business-intelligence.de\/index.php?rest_route=\/wp\/v2\/pages\/7649","targetHints":{"allow":["GET"]}}],"collection":[{"href":"https:\/\/gds-business-intelligence.de\/index.php?rest_route=\/wp\/v2\/pages"}],"about":[{"href":"https:\/\/gds-business-intelligence.de\/index.php?rest_route=\/wp\/v2\/types\/page"}],"author":[{"embeddable":true,"href":"https:\/\/gds-business-intelligence.de\/index.php?rest_route=\/wp\/v2\/users\/1"}],"replies":[{"embeddable":true,"href":"https:\/\/gds-business-intelligence.de\/index.php?rest_route=%2Fwp%2Fv2%2Fcomments&post=7649"}],"version-history":[{"count":16,"href":"https:\/\/gds-business-intelligence.de\/index.php?rest_route=\/wp\/v2\/pages\/7649\/revisions"}],"predecessor-version":[{"id":7666,"href":"https:\/\/gds-business-intelligence.de\/index.php?rest_route=\/wp\/v2\/pages\/7649\/revisions\/7666"}],"wp:featuredmedia":[{"embeddable":true,"href":"https:\/\/gds-business-intelligence.de\/index.php?rest_route=\/wp\/v2\/media\/7505"}],"wp:attachment":[{"href":"https:\/\/gds-business-intelligence.de\/index.php?rest_route=%2Fwp%2Fv2%2Fmedia&parent=7649"}],"curies":[{"name":"wp","href":"https:\/\/api.w.org\/{rel}","templated":true}]}}