{"id":7687,"date":"2024-08-23T15:25:02","date_gmt":"2024-08-23T15:25:02","guid":{"rendered":"https:\/\/gds-business-intelligence.de\/?page_id=7687"},"modified":"2024-08-23T15:33:45","modified_gmt":"2024-08-23T15:33:45","slug":"datenqualitaetssicherung","status":"publish","type":"page","link":"https:\/\/gds-business-intelligence.de\/?page_id=7687","title":{"rendered":"Datenqualit\u00e4tssicherung"},"content":{"rendered":"\t\t<div data-elementor-type=\"wp-page\" data-elementor-id=\"7687\" class=\"elementor elementor-7687\">\n\t\t\t\t<div class=\"elementor-element elementor-element-659fc11 e-flex e-con-boxed e-con e-parent\" data-id=\"659fc11\" data-element_type=\"container\" data-e-type=\"container\">\n\t\t\t\t\t<div class=\"e-con-inner\">\n\t\t<div class=\"elementor-element elementor-element-7421c8c e-con-full e-flex e-con e-child\" data-id=\"7421c8c\" data-element_type=\"container\" data-e-type=\"container\">\n\t\t\t\t<\/div>\n\t\t\t\t<div class=\"elementor-element elementor-element-438c258 elementor-widget elementor-widget-text-editor\" data-id=\"438c258\" data-element_type=\"widget\" data-e-type=\"widget\" data-widget_type=\"text-editor.default\">\n\t\t\t\t<div class=\"elementor-widget-container\">\n\t\t\t\t\t\t\t\t\t<p>In der heutigen datengetriebenen Gesch\u00e4ftswelt ist die Qualit\u00e4t der Daten, die ein Unternehmen nutzt, entscheidend f\u00fcr seinen Erfolg. Unabh\u00e4ngig von der Branche sind pr\u00e4zise, konsistente und aktuelle Daten die Grundlage f\u00fcr fundierte Entscheidungen, effiziente Prozesse und wettbewerbsf\u00e4hige Strategien. Doch die Sicherstellung einer hohen Datenqualit\u00e4t ist eine komplexe Aufgabe, die sorgf\u00e4ltige Planung, spezialisierte Tools und kontinuierliche \u00dcberwachung erfordert. GDS Business Intelligence GmbH bietet umfassende L\u00f6sungen zur Datenqualit\u00e4tssicherung, die sicherstellen, dass Ihre Daten zuverl\u00e4ssig und vertrauensw\u00fcrdig sind.<\/p>\t\t\t\t\t\t\t\t<\/div>\n\t\t\t\t<\/div>\n\t\t\t\t<div class=\"elementor-element elementor-element-8d9b255 elementor-widget elementor-widget-heading\" data-id=\"8d9b255\" data-element_type=\"widget\" data-e-type=\"widget\" data-widget_type=\"heading.default\">\n\t\t\t\t<div class=\"elementor-widget-container\">\n\t\t\t\t\t<h4 class=\"elementor-heading-title elementor-size-default\">Was ist Datenqualit\u00e4tssicherung und warum ist sie wichtig?\n<\/h4>\t\t\t\t<\/div>\n\t\t\t\t<\/div>\n\t\t\t\t<div class=\"elementor-element elementor-element-ac082de elementor-widget elementor-widget-text-editor\" data-id=\"ac082de\" data-element_type=\"widget\" data-e-type=\"widget\" data-widget_type=\"text-editor.default\">\n\t\t\t\t<div class=\"elementor-widget-container\">\n\t\t\t\t\t\t\t\t\t<p>Datenqualit\u00e4tssicherung umfasst alle Ma\u00dfnahmen und Prozesse, die darauf abzielen, die Genauigkeit, Vollst\u00e4ndigkeit, Konsistenz, Aktualit\u00e4t und Relevanz von Daten sicherzustellen. Dies schlie\u00dft die Identifikation und Korrektur fehlerhafter Daten, die \u00dcberpr\u00fcfung von Dateneingabeprozessen, die Etablierung von Standards und Richtlinien sowie die kontinuierliche \u00dcberwachung der Datenqualit\u00e4t ein.<\/p><p>Die Bedeutung der Datenqualit\u00e4t kann nicht genug betont werden. Schlechte Datenqualit\u00e4t kann zu falschen Analysen, ineffizienten Prozessen, h\u00f6heren Kosten und letztlich zu schlechten Gesch\u00e4ftsentscheidungen f\u00fchren. Studien zeigen, dass Unternehmen, die auf ungenaue oder unvollst\u00e4ndige Daten angewiesen sind, signifikante finanzielle Verluste erleiden k\u00f6nnen. Eine wirksame Datenqualit\u00e4tssicherung ist daher unerl\u00e4sslich, um diese Risiken zu minimieren und die Effizienz und Effektivit\u00e4t des Unternehmens zu maximieren.<\/p>\t\t\t\t\t\t\t\t<\/div>\n\t\t\t\t<\/div>\n\t\t\t\t<div class=\"elementor-element elementor-element-f23cab0 elementor-widget elementor-widget-heading\" data-id=\"f23cab0\" data-element_type=\"widget\" data-e-type=\"widget\" data-widget_type=\"heading.default\">\n\t\t\t\t<div class=\"elementor-widget-container\">\n\t\t\t\t\t<h4 class=\"elementor-heading-title elementor-size-default\">Der Nutzen f\u00fcr Ihr Unternehmen<\/h4>\t\t\t\t<\/div>\n\t\t\t\t<\/div>\n\t\t\t\t<div class=\"elementor-element elementor-element-72d544a elementor-widget elementor-widget-text-editor\" data-id=\"72d544a\" data-element_type=\"widget\" data-e-type=\"widget\" data-widget_type=\"text-editor.default\">\n\t\t\t\t<div class=\"elementor-widget-container\">\n\t\t\t\t\t\t\t\t\t<p>Die Zusammenarbeit mit GDS Business Intelligence GmbH im Bereich Datenqualit\u00e4tssicherung bietet zahlreiche Vorteile, die Ihrem Unternehmen helfen, datenbasierte Entscheidungen pr\u00e4zise und effizient zu treffen:<\/p>\t\t\t\t\t\t\t\t<\/div>\n\t\t\t\t<\/div>\n\t\t\t\t<div class=\"elementor-element elementor-element-80379e0 elementor-widget elementor-widget-tragafeature\" data-id=\"80379e0\" data-element_type=\"widget\" data-e-type=\"widget\" data-widget_type=\"tragafeature.default\">\n\t\t\t\t<div class=\"elementor-widget-container\">\n\t\t\t\t\t<div class=\"service-feature-wrap\"><div class=\"service-feature\"><div class=\"service-feature_icon\"><img decoding=\"async\" src=\"https:\/\/gds-business-intelligence.de\/wp-content\/uploads\/2024\/08\/Entsscheidungsfindung-white.png\" alt=\"GDS%20Business%20Intelligence%20Website\"  \/><\/div><div class=\"media-body\"><h4 class=\"service-feature_title\">Kontinuierliche Datenqualit\u00e4t<\/h4><p class=\"service-feature_text\">Durch fortlaufende \u00dcberwachung und regelm\u00e4\u00dfige Berichte wird die Datenqualit\u00e4t dauerhaft gesichert und verbessert.<\/p><\/div><\/div><div class=\"service-feature\"><div class=\"service-feature_icon\"><img decoding=\"async\" src=\"https:\/\/gds-business-intelligence.de\/wp-content\/uploads\/2024\/08\/Effizienz-white.png\" alt=\"GDS%20Business%20Intelligence%20Website\"  \/><\/div><div class=\"media-body\"><h4 class=\"service-feature_title\">H\u00f6here Mitarbeiterzufriedenheit<\/h4><p class=\"service-feature_text\">Mitarbeiter profitieren von gut strukturierten und verl\u00e4sslichen Daten, die ihre Arbeit erleichtern und die Zufriedenheit steigern.<\/p><\/div><\/div><div class=\"service-feature\"><div class=\"service-feature_icon\"><img decoding=\"async\" src=\"https:\/\/gds-business-intelligence.de\/wp-content\/uploads\/2024\/08\/Kostenreduktion-white.png\" alt=\"GDS%20Business%20Intelligence%20Website\"  \/><\/div><div class=\"media-body\"><h4 class=\"service-feature_title\">Reduzierte Risiken<\/h4><p class=\"service-feature_text\">Mit einer robusten Datenqualit\u00e4tssicherung wird das Risiko von Fehlentscheidungen und den daraus resultierenden negativen Auswirkungen minimiert.<\/p><\/div><\/div><div class=\"service-feature\"><div class=\"service-feature_icon\"><img decoding=\"async\" src=\"https:\/\/gds-business-intelligence.de\/wp-content\/uploads\/2024\/08\/Datensicherheit-white.png\" alt=\"GDS%20Business%20Intelligence%20Website\"  \/><\/div><div class=\"media-body\"><h4 class=\"service-feature_title\">Langfristige Zukunftssicherheit<\/h4><p class=\"service-feature_text\">Durch eine nachhaltige Datenqualit\u00e4tssicherung wird die Skalierbarkeit und Flexibilit\u00e4t des Unternehmens unterst\u00fctzt, was den langfristigen Erfolg sichert.<\/p><\/div><\/div><\/div>\t\t\t\t<\/div>\n\t\t\t\t<\/div>\n\t\t\t\t<div class=\"elementor-element elementor-element-f75f4b4 elementor-widget elementor-widget-heading\" data-id=\"f75f4b4\" data-element_type=\"widget\" data-e-type=\"widget\" data-widget_type=\"heading.default\">\n\t\t\t\t<div class=\"elementor-widget-container\">\n\t\t\t\t\t<h4 class=\"elementor-heading-title elementor-size-default\">Unsere Services im Bereich Datenqualit\u00e4tssicherung<\/h4>\t\t\t\t<\/div>\n\t\t\t\t<\/div>\n\t\t\t\t<div class=\"elementor-element elementor-element-1305204 elementor-widget elementor-widget-text-editor\" data-id=\"1305204\" data-element_type=\"widget\" data-e-type=\"widget\" data-widget_type=\"text-editor.default\">\n\t\t\t\t<div class=\"elementor-widget-container\">\n\t\t\t\t\t\t\t\t\t<p>GDS Business Intelligence GmbH bietet umfassende Dienstleistungen zur Sicherstellung und Optimierung der Datenqualit\u00e4t in Ihrem Unternehmen. Unser Ansatz kombiniert modernste Technologien mit bew\u00e4hrten Methoden, um sicherzustellen, dass Ihre Daten stets den h\u00f6chsten Qualit\u00e4tsstandards entsprechen.<\/p><p><strong><span style=\"color: #0000ff;\">Analyse und Bewertung der Datenqualit\u00e4t<\/span><br \/><\/strong>Der erste Schritt besteht darin, den aktuellen Zustand Ihrer Daten zu bewerten. Wir analysieren Ihre Datenbest\u00e4nde und identifizieren Bereiche, in denen Datenfehler, Inkonsistenzen oder L\u00fccken bestehen. Auf dieser Grundlage entwickeln wir einen Plan zur Verbesserung der Datenqualit\u00e4t.<\/p><p><strong><span style=\"color: #0000ff;\">Datenbereinigung und -korrektur<\/span><br \/><\/strong>Wir implementieren Prozesse zur Datenbereinigung, bei denen fehlerhafte, doppelte oder veraltete Daten identifiziert und korrigiert oder entfernt werden. Dieser Schritt ist entscheidend, um sicherzustellen, dass Ihre Datenbasis zuverl\u00e4ssig und pr\u00e4zise ist.<\/p><p><strong><span style=\"color: #0000ff;\">Etablierung von Datenqualit\u00e4tsrichtlinien<\/span><br \/><\/strong>Um eine nachhaltige Datenqualit\u00e4t zu gew\u00e4hrleisten, helfen wir Ihnen bei der Entwicklung und Implementierung von Datenqualit\u00e4tsrichtlinien und -standards. Diese Richtlinien legen fest, wie Daten erfasst, verarbeitet und verwaltet werden, um sicherzustellen, dass sie konsistent und vertrauensw\u00fcrdig bleiben.<\/p><p><strong><span style=\"color: #0000ff;\">Automatisierung der Datenqualit\u00e4tspr\u00fcfung<\/span><br \/><\/strong>Wir setzen fortschrittliche Tools und Technologien ein, um die Datenqualit\u00e4tspr\u00fcfungen zu automatisieren. Dadurch k\u00f6nnen Fehler schneller erkannt und behoben werden, was die Effizienz erh\u00f6ht und die Datenintegrit\u00e4t gew\u00e4hrleistet.<\/p><p><strong><span style=\"color: #0000ff;\">Kontinuierliche \u00dcberwachung und Reporting<\/span><br \/><\/strong>Datenqualit\u00e4t ist ein fortlaufender Prozess. Wir bieten L\u00f6sungen zur kontinuierlichen \u00dcberwachung Ihrer Datenqualit\u00e4t an, einschlie\u00dflich regelm\u00e4\u00dfiger Reports, die Ihnen einen \u00dcberblick \u00fcber den Zustand Ihrer Daten geben und fr\u00fchzeitig auf m\u00f6gliche Probleme hinweisen.<\/p><p><strong><span style=\"color: #0000ff;\">Schulung und Unterst\u00fctzung<\/span><br \/><\/strong>Eine hohe Datenqualit\u00e4t erfordert auch die Mitwirkung der Mitarbeiter. Wir bieten Schulungen an, um sicherzustellen, dass Ihr Team die Bedeutung der Datenqualit\u00e4t versteht und die besten Praktiken zur Dateneingabe und -verwaltung anwendet.<\/p>\t\t\t\t\t\t\t\t<\/div>\n\t\t\t\t<\/div>\n\t\t\t\t<div class=\"elementor-element elementor-element-c824289 elementor-widget elementor-widget-heading\" data-id=\"c824289\" data-element_type=\"widget\" data-e-type=\"widget\" data-widget_type=\"heading.default\">\n\t\t\t\t<div class=\"elementor-widget-container\">\n\t\t\t\t\t<h4 class=\"elementor-heading-title elementor-size-default\">Fragen zu Datenqualit\u00e4tssicherung<\/h4>\t\t\t\t<\/div>\n\t\t\t\t<\/div>\n\t\t\t\t\t<\/div>\n\t\t\t\t<\/div>\n\t\t<div class=\"elementor-element elementor-element-89b59be e-flex e-con-boxed e-con e-parent\" data-id=\"89b59be\" data-element_type=\"container\" data-e-type=\"container\">\n\t\t\t\t\t<div class=\"e-con-inner\">\n\t\t\t\t<div class=\"elementor-element elementor-element-e2aa5d7 elementor-widget elementor-widget-tragafaq\" data-id=\"e2aa5d7\" data-element_type=\"widget\" data-e-type=\"widget\" data-widget_type=\"tragafaq.default\">\n\t\t\t\t<div class=\"elementor-widget-container\">\n\t\t\t\t\t<div class=\"accordion-area accordion\" id=\"faqAccordion\"><div class=\"accordion-card style2 active\"><div class=\"accordion-header\" id=\"collapse-item-1\"><button class=\"accordion-button \" type=\"button\" data-bs-toggle=\"collapse\" data-bs-target=\"#collapse-1\" aria-expanded=\"true\" aria-controls=\"collapse-1\">Was ist Datenqualit\u00e4tssicherung und warum ist sie wichtig?<\/button><\/div><div id=\"collapse-1\" class=\"accordion-collapse collapse show \" aria-labelledby=\"collapse-item-1\" data-bs-parent=\"#faqAccordion\"><div class=\"accordion-body\"><p class=\"faq-text\">Datenqualit\u00e4tssicherung umfasst alle Ma\u00dfnahmen, die sicherstellen, dass Daten pr\u00e4zise, vollst\u00e4ndig, konsistent, aktuell und relevant sind. Sie ist wichtig, weil qualitativ hochwertige Daten die Grundlage f\u00fcr fundierte Gesch\u00e4ftsentscheidungen und effiziente Prozesse bilden.<\/p><\/div><\/div><\/div><div class=\"accordion-card style2 \"><div class=\"accordion-header\" id=\"collapse-item-2\"><button class=\"accordion-button collapsed\" type=\"button\" data-bs-toggle=\"collapse\" data-bs-target=\"#collapse-2\" aria-expanded=\"false\" aria-controls=\"collapse-2\">Welche h\u00e4ufigen Probleme treten bei schlechter Datenqualit\u00e4t auf?<\/button><\/div><div id=\"collapse-2\" class=\"accordion-collapse collapse  \" aria-labelledby=\"collapse-item-2\" data-bs-parent=\"#faqAccordion\"><div class=\"accordion-body\"><p class=\"faq-text\">H\u00e4ufige Probleme sind fehlerhafte Analysen, ineffiziente Prozesse, erh\u00f6hte Betriebskosten, Compliance-Risiken und letztlich schlechte Gesch\u00e4ftsentscheidungen.<\/p><\/div><\/div><\/div><div class=\"accordion-card style2 \"><div class=\"accordion-header\" id=\"collapse-item-3\"><button class=\"accordion-button collapsed\" type=\"button\" data-bs-toggle=\"collapse\" data-bs-target=\"#collapse-3\" aria-expanded=\"false\" aria-controls=\"collapse-3\">Wie kann GDS Business Intelligence GmbH die Datenqualit\u00e4t in meinem Unternehmen verbessern?<\/button><\/div><div id=\"collapse-3\" class=\"accordion-collapse collapse  \" aria-labelledby=\"collapse-item-3\" data-bs-parent=\"#faqAccordion\"><div class=\"accordion-body\"><p class=\"faq-text\">Wir bieten umfassende Dienstleistungen, darunter Datenanalyse, Bereinigung, Etablierung von Qualit\u00e4tsrichtlinien, Automatisierung von Qualit\u00e4tspr\u00fcfungen und kontinuierliche \u00dcberwachung, um sicherzustellen, dass Ihre Daten den h\u00f6chsten Standards entsprechen.<\/p><\/div><\/div><\/div><div class=\"accordion-card style2 \"><div class=\"accordion-header\" id=\"collapse-item-4\"><button class=\"accordion-button collapsed\" type=\"button\" data-bs-toggle=\"collapse\" data-bs-target=\"#collapse-4\" aria-expanded=\"false\" aria-controls=\"collapse-4\">Was sind die ersten Schritte, um die Datenqualit\u00e4t in meinem Unternehmen zu sichern?<\/button><\/div><div id=\"collapse-4\" class=\"accordion-collapse collapse  \" aria-labelledby=\"collapse-item-4\" data-bs-parent=\"#faqAccordion\"><div class=\"accordion-body\"><p class=\"faq-text\">Der erste Schritt ist eine umfassende Analyse Ihrer aktuellen Datenbest\u00e4nde, um Schwachstellen zu identifizieren. Anschlie\u00dfend entwickeln wir einen ma\u00dfgeschneiderten Plan zur Verbesserung und Sicherung der Datenqualit\u00e4t.<\/p><\/div><\/div><\/div><div class=\"accordion-card style2 \"><div class=\"accordion-header\" id=\"collapse-item-5\"><button class=\"accordion-button collapsed\" type=\"button\" data-bs-toggle=\"collapse\" data-bs-target=\"#collapse-5\" aria-expanded=\"false\" aria-controls=\"collapse-5\">Welche Tools und Technologien verwendet GDS Business Intelligence GmbH zur Datenqualit\u00e4tssicherung?<\/button><\/div><div id=\"collapse-5\" class=\"accordion-collapse collapse  \" aria-labelledby=\"collapse-item-5\" data-bs-parent=\"#faqAccordion\"><div class=\"accordion-body\"><p class=\"faq-text\">Wir nutzen fortschrittliche Tools und Technologien, einschlie\u00dflich Automatisierungsl\u00f6sungen und spezialisierter Software, die Datenbereinigung, Validierung und kontinuierliche \u00dcberwachung unterst\u00fctzen.<\/p><\/div><\/div><\/div><div class=\"accordion-card style2 \"><div class=\"accordion-header\" id=\"collapse-item-6\"><button class=\"accordion-button collapsed\" type=\"button\" data-bs-toggle=\"collapse\" data-bs-target=\"#collapse-6\" aria-expanded=\"false\" aria-controls=\"collapse-6\">Wie h\u00e4ufig sollten Datenqualit\u00e4tspr\u00fcfungen durchgef\u00fchrt werden?<\/button><\/div><div id=\"collapse-6\" class=\"accordion-collapse collapse  \" aria-labelledby=\"collapse-item-6\" data-bs-parent=\"#faqAccordion\"><div class=\"accordion-body\"><p class=\"faq-text\">Datenqualit\u00e4tspr\u00fcfungen sollten regelm\u00e4\u00dfig durchgef\u00fchrt werden, idealerweise kontinuierlich. GDS Business Intelligence GmbH bietet L\u00f6sungen, die eine automatisierte und fortlaufende \u00dcberwachung erm\u00f6glichen.<\/p><\/div><\/div><\/div><div class=\"accordion-card style2 \"><div class=\"accordion-header\" id=\"collapse-item-7\"><button class=\"accordion-button collapsed\" type=\"button\" data-bs-toggle=\"collapse\" data-bs-target=\"#collapse-7\" aria-expanded=\"false\" aria-controls=\"collapse-7\">Was ist der Unterschied zwischen Datenbereinigung und Datenqualit\u00e4tssicherung?<\/button><\/div><div id=\"collapse-7\" class=\"accordion-collapse collapse  \" aria-labelledby=\"collapse-item-7\" data-bs-parent=\"#faqAccordion\"><div class=\"accordion-body\"><p class=\"faq-text\">Datenbereinigung ist ein Teil der Datenqualit\u00e4tssicherung und bezieht sich auf das Entfernen oder Korrigieren fehlerhafter Daten. Datenqualit\u00e4tssicherung umfasst jedoch zus\u00e4tzlich pr\u00e4ventive Ma\u00dfnahmen, Richtlinien und kontinuierliche \u00dcberwachung zur Sicherstellung langfristiger Datenqualit\u00e4t.<\/p><\/div><\/div><\/div><div class=\"accordion-card style2 \"><div class=\"accordion-header\" id=\"collapse-item-8\"><button class=\"accordion-button collapsed\" type=\"button\" data-bs-toggle=\"collapse\" data-bs-target=\"#collapse-8\" aria-expanded=\"false\" aria-controls=\"collapse-8\">Welche Vorteile bietet eine hohe Datenqualit\u00e4t f\u00fcr mein Unternehmen?<\/button><\/div><div id=\"collapse-8\" class=\"accordion-collapse collapse  \" aria-labelledby=\"collapse-item-8\" data-bs-parent=\"#faqAccordion\"><div class=\"accordion-body\"><p class=\"faq-text\">Hohe Datenqualit\u00e4t verbessert die Entscheidungsfindung, optimiert Gesch\u00e4ftsprozesse, reduziert Risiken, spart Kosten und st\u00e4rkt Kundenbeziehungen, was letztlich zu einem Wettbewerbsvorteil f\u00fchrt.<\/p><\/div><\/div><\/div><div class=\"accordion-card style2 \"><div class=\"accordion-header\" id=\"collapse-item-9\"><button class=\"accordion-button collapsed\" type=\"button\" data-bs-toggle=\"collapse\" data-bs-target=\"#collapse-9\" aria-expanded=\"false\" aria-controls=\"collapse-9\">Wie lange dauert es, die Datenqualit\u00e4t in meinem Unternehmen zu verbessern?<\/button><\/div><div id=\"collapse-9\" class=\"accordion-collapse collapse  \" aria-labelledby=\"collapse-item-9\" data-bs-parent=\"#faqAccordion\"><div class=\"accordion-body\"><p class=\"faq-text\">Die Dauer h\u00e4ngt vom aktuellen Zustand Ihrer Daten und den spezifischen Anforderungen ab. Kleinere Projekte k\u00f6nnen Wochen dauern, w\u00e4hrend umfangreichere Initiativen mehrere Monate in Anspruch nehmen k\u00f6nnen.<\/p><\/div><\/div><\/div><div class=\"accordion-card style2 \"><div class=\"accordion-header\" id=\"collapse-item-10\"><button class=\"accordion-button collapsed\" type=\"button\" data-bs-toggle=\"collapse\" data-bs-target=\"#collapse-10\" aria-expanded=\"false\" aria-controls=\"collapse-10\">Wie stellt GDS Business Intelligence GmbH sicher, dass die Datenqualit\u00e4t langfristig erhalten bleibt?<\/button><\/div><div id=\"collapse-10\" class=\"accordion-collapse collapse  \" aria-labelledby=\"collapse-item-10\" data-bs-parent=\"#faqAccordion\"><div class=\"accordion-body\"><p class=\"faq-text\">Wir implementieren kontinuierliche \u00dcberwachungsl\u00f6sungen, etablieren robuste Datenqualit\u00e4tsrichtlinien und bieten fortlaufenden Support, um sicherzustellen, dass die Datenqualit\u00e4t dauerhaft hoch bleibt.<\/p><\/div><\/div><\/div><\/div>\t\t\t\t<\/div>\n\t\t\t\t<\/div>\n\t\t\t\t<div class=\"elementor-element elementor-element-b338353 elementor-widget elementor-widget-heading\" data-id=\"b338353\" data-element_type=\"widget\" data-e-type=\"widget\" data-widget_type=\"heading.default\">\n\t\t\t\t<div class=\"elementor-widget-container\">\n\t\t\t\t\t<h4 class=\"elementor-heading-title elementor-size-default\">Fazit\n<\/h4>\t\t\t\t<\/div>\n\t\t\t\t<\/div>\n\t\t\t\t<div class=\"elementor-element elementor-element-b88880f elementor-widget elementor-widget-text-editor\" data-id=\"b88880f\" data-element_type=\"widget\" data-e-type=\"widget\" data-widget_type=\"text-editor.default\">\n\t\t\t\t<div class=\"elementor-widget-container\">\n\t\t\t\t\t\t\t\t\t<p>Datenqualit\u00e4t ist ein entscheidender Erfolgsfaktor in der modernen Gesch\u00e4ftswelt. GDS Business Intelligence GmbH unterst\u00fctzt Sie dabei, die Qualit\u00e4t Ihrer Daten zu sichern und zu optimieren, damit Sie fundierte Entscheidungen treffen und Ihre Gesch\u00e4ftsprozesse effizienter gestalten k\u00f6nnen. Mit unseren ma\u00dfgeschneiderten L\u00f6sungen helfen wir Ihnen, die Herausforderungen der Datenqualit\u00e4t zu meistern und Ihr Unternehmen auf den Weg zum Erfolg zu bringen. Vertrauen Sie auf unsere Expertise, um Ihre Datenqualit\u00e4t zu maximieren und langfristig wettbewerbsf\u00e4hig zu bleiben.<\/p>\t\t\t\t\t\t\t\t<\/div>\n\t\t\t\t<\/div>\n\t\t\t\t\t<\/div>\n\t\t\t\t<\/div>\n\t\t\t\t<\/div>\n\t\t","protected":false},"excerpt":{"rendered":"<p>In der heutigen datengetriebenen Gesch\u00e4ftswelt ist die Qualit\u00e4t der Daten, die ein Unternehmen nutzt, entscheidend f\u00fcr seinen Erfolg. Unabh\u00e4ngig von der Branche sind pr\u00e4zise, konsistente und aktuelle Daten die Grundlage f\u00fcr fundierte Entscheidungen, effiziente Prozesse und wettbewerbsf\u00e4hige Strategien. Doch die Sicherstellung einer hohen Datenqualit\u00e4t ist eine komplexe Aufgabe, die sorgf\u00e4ltige Planung, spezialisierte Tools und kontinuierliche&#8230;<\/p>\n","protected":false},"author":1,"featured_media":7505,"parent":0,"menu_order":0,"comment_status":"closed","ping_status":"closed","template":"template-builder.php","meta":{"footnotes":""},"class_list":["post-7687","page","type-page","status-publish","has-post-thumbnail","hentry"],"_links":{"self":[{"href":"https:\/\/gds-business-intelligence.de\/index.php?rest_route=\/wp\/v2\/pages\/7687","targetHints":{"allow":["GET"]}}],"collection":[{"href":"https:\/\/gds-business-intelligence.de\/index.php?rest_route=\/wp\/v2\/pages"}],"about":[{"href":"https:\/\/gds-business-intelligence.de\/index.php?rest_route=\/wp\/v2\/types\/page"}],"author":[{"embeddable":true,"href":"https:\/\/gds-business-intelligence.de\/index.php?rest_route=\/wp\/v2\/users\/1"}],"replies":[{"embeddable":true,"href":"https:\/\/gds-business-intelligence.de\/index.php?rest_route=%2Fwp%2Fv2%2Fcomments&post=7687"}],"version-history":[{"count":16,"href":"https:\/\/gds-business-intelligence.de\/index.php?rest_route=\/wp\/v2\/pages\/7687\/revisions"}],"predecessor-version":[{"id":7703,"href":"https:\/\/gds-business-intelligence.de\/index.php?rest_route=\/wp\/v2\/pages\/7687\/revisions\/7703"}],"wp:featuredmedia":[{"embeddable":true,"href":"https:\/\/gds-business-intelligence.de\/index.php?rest_route=\/wp\/v2\/media\/7505"}],"wp:attachment":[{"href":"https:\/\/gds-business-intelligence.de\/index.php?rest_route=%2Fwp%2Fv2%2Fmedia&parent=7687"}],"curies":[{"name":"wp","href":"https:\/\/api.w.org\/{rel}","templated":true}]}}