{"id":7728,"date":"2024-08-23T15:48:19","date_gmt":"2024-08-23T15:48:19","guid":{"rendered":"https:\/\/gds-business-intelligence.de\/?page_id=7728"},"modified":"2024-08-23T16:01:03","modified_gmt":"2024-08-23T16:01:03","slug":"bi-consulting","status":"publish","type":"page","link":"https:\/\/gds-business-intelligence.de\/?page_id=7728","title":{"rendered":"Business Intelligence Consulting"},"content":{"rendered":"\t\t<div data-elementor-type=\"wp-page\" data-elementor-id=\"7728\" class=\"elementor elementor-7728\">\n\t\t\t\t<div class=\"elementor-element elementor-element-659fc11 e-flex e-con-boxed e-con e-parent\" data-id=\"659fc11\" data-element_type=\"container\" data-e-type=\"container\">\n\t\t\t\t\t<div class=\"e-con-inner\">\n\t\t<div class=\"elementor-element elementor-element-7421c8c e-con-full e-flex e-con e-child\" data-id=\"7421c8c\" data-element_type=\"container\" data-e-type=\"container\">\n\t\t\t\t<\/div>\n\t\t\t\t<div class=\"elementor-element elementor-element-438c258 elementor-widget elementor-widget-text-editor\" data-id=\"438c258\" data-element_type=\"widget\" data-e-type=\"widget\" data-widget_type=\"text-editor.default\">\n\t\t\t\t<div class=\"elementor-widget-container\">\n\t\t\t\t\t\t\t\t\t<p>In der heutigen wettbewerbsintensiven Gesch\u00e4ftswelt ist der Zugriff auf pr\u00e4zise und zeitnahe Informationen entscheidend f\u00fcr den Erfolg. Unternehmen, die ihre Daten optimal nutzen, um fundierte Entscheidungen zu treffen, k\u00f6nnen sich einen entscheidenden Wettbewerbsvorteil verschaffen. Hier kommt Business Intelligence (BI) Consulting ins Spiel. GDS Business Intelligence GmbH bietet umfassende BI-Beratung, die Unternehmen dabei unterst\u00fctzt, ihre Daten in wertvolle Erkenntnisse zu verwandeln und ihre Gesch\u00e4ftsstrategien erfolgreich umzusetzen.<\/p>\t\t\t\t\t\t\t\t<\/div>\n\t\t\t\t<\/div>\n\t\t\t\t<div class=\"elementor-element elementor-element-8d9b255 elementor-widget elementor-widget-heading\" data-id=\"8d9b255\" data-element_type=\"widget\" data-e-type=\"widget\" data-widget_type=\"heading.default\">\n\t\t\t\t<div class=\"elementor-widget-container\">\n\t\t\t\t\t<h4 class=\"elementor-heading-title elementor-size-default\">Was ist Business Intelligence Consulting?<\/h4>\t\t\t\t<\/div>\n\t\t\t\t<\/div>\n\t\t\t\t<div class=\"elementor-element elementor-element-ac082de elementor-widget elementor-widget-text-editor\" data-id=\"ac082de\" data-element_type=\"widget\" data-e-type=\"widget\" data-widget_type=\"text-editor.default\">\n\t\t\t\t<div class=\"elementor-widget-container\">\n\t\t\t\t\t\t\t\t\t<p>Business Intelligence Consulting umfasst die Beratung und Unterst\u00fctzung von Unternehmen bei der Implementierung und Optimierung von BI-Systemen und -Prozessen. Ziel ist es, Unternehmen dabei zu helfen, ihre Daten effektiv zu sammeln, zu analysieren und zu visualisieren, um fundierte Entscheidungen zu treffen und die Unternehmensleistung zu steigern.<\/p><p>BI-Consultants arbeiten eng mit Unternehmen zusammen, um deren spezifische Anforderungen zu verstehen und ma\u00dfgeschneiderte BI-L\u00f6sungen zu entwickeln. Diese L\u00f6sungen k\u00f6nnen die Integration von Datenquellen, die Implementierung von BI-Tools, die Erstellung von Dashboards und Berichten sowie die Schulung der Mitarbeiter im Umgang mit BI-Systemen umfassen.<\/p>\t\t\t\t\t\t\t\t<\/div>\n\t\t\t\t<\/div>\n\t\t\t\t<div class=\"elementor-element elementor-element-f23cab0 elementor-widget elementor-widget-heading\" data-id=\"f23cab0\" data-element_type=\"widget\" data-e-type=\"widget\" data-widget_type=\"heading.default\">\n\t\t\t\t<div class=\"elementor-widget-container\">\n\t\t\t\t\t<h4 class=\"elementor-heading-title elementor-size-default\">Der Nutzen f\u00fcr Ihr Unternehmen<\/h4>\t\t\t\t<\/div>\n\t\t\t\t<\/div>\n\t\t\t\t<div class=\"elementor-element elementor-element-72d544a elementor-widget elementor-widget-text-editor\" data-id=\"72d544a\" data-element_type=\"widget\" data-e-type=\"widget\" data-widget_type=\"text-editor.default\">\n\t\t\t\t<div class=\"elementor-widget-container\">\n\t\t\t\t\t\t\t\t\t<p>Die Zusammenarbeit mit GDS Business Intelligence GmbH im Bereich Business Intelligence Consulting bietet zahlreiche Vorteile, die Ihrem Unternehmen helfen, datengetriebenen Erfolg zu erzielen:<\/p>\t\t\t\t\t\t\t\t<\/div>\n\t\t\t\t<\/div>\n\t\t\t\t<div class=\"elementor-element elementor-element-80379e0 elementor-widget elementor-widget-tragafeature\" data-id=\"80379e0\" data-element_type=\"widget\" data-e-type=\"widget\" data-widget_type=\"tragafeature.default\">\n\t\t\t\t<div class=\"elementor-widget-container\">\n\t\t\t\t\t<div class=\"service-feature-wrap\"><div class=\"service-feature\"><div class=\"service-feature_icon\"><img decoding=\"async\" src=\"https:\/\/gds-business-intelligence.de\/wp-content\/uploads\/2024\/08\/Entsscheidungsfindung-white.png\" alt=\"GDS%20Business%20Intelligence%20Website\"  \/><\/div><div class=\"media-body\"><h4 class=\"service-feature_title\">Wettbewerbsvorteil<\/h4><p class=\"service-feature_text\">Unternehmen, die ihre Daten effizient nutzen, k\u00f6nnen Markttrends schneller erkennen und proaktiv auf Ver\u00e4nderungen reagieren, was ihnen einen entscheidenden Vorteil gegen\u00fcber der Konkurrenz verschafft.<\/p><\/div><\/div><div class=\"service-feature\"><div class=\"service-feature_icon\"><img decoding=\"async\" src=\"https:\/\/gds-business-intelligence.de\/wp-content\/uploads\/2024\/08\/Effizienz-white.png\" alt=\"GDS%20Business%20Intelligence%20Website\"  \/><\/div><div class=\"media-body\"><h4 class=\"service-feature_title\">Skalierbarkeit und Flexibilit\u00e4t<\/h4><p class=\"service-feature_text\">Ein skalierbares Datenmodell kann problemlos an wachsende Datenmengen und sich \u00e4ndernde Gesch\u00e4ftsanforderungen angepasst werden, ohne dass grundlegende System\u00fcberholungen erforderlich sind.<\/p><\/div><\/div><div class=\"service-feature\"><div class=\"service-feature_icon\"><img decoding=\"async\" src=\"https:\/\/gds-business-intelligence.de\/wp-content\/uploads\/2024\/08\/Kostenreduktion-white.png\" alt=\"GDS%20Business%20Intelligence%20Website\"  \/><\/div><div class=\"media-body\"><h4 class=\"service-feature_title\">Langfristige Zukunftssicherheit<\/h4><p class=\"service-feature_text\">Mit einer robusten BI-Strategie und ma\u00dfgeschneiderten L\u00f6sungen bereiten wir Ihr Unternehmen auf zuk\u00fcnftige Herausforderungen vor und unterst\u00fctzen Ihr nachhaltiges Wachstum und Ihre Marktf\u00fchrerschaft.<\/p><\/div><\/div><div class=\"service-feature\"><div class=\"service-feature_icon\"><img decoding=\"async\" src=\"https:\/\/gds-business-intelligence.de\/wp-content\/uploads\/2024\/08\/Datensicherheit-white.png\" alt=\"GDS%20Business%20Intelligence%20Website\"  \/><\/div><div class=\"media-body\"><h4 class=\"service-feature_title\">Erh\u00f6hte Mitarbeiterzufriedenheit<\/h4><p class=\"service-feature_text\">Mit benutzerfreundlichen BI-Tools und -Dashboards, die relevante Informationen schnell bereitstellen, wird die Arbeitszufriedenheit der Mitarbeiter gesteigert.<\/p><\/div><\/div><\/div>\t\t\t\t<\/div>\n\t\t\t\t<\/div>\n\t\t\t\t<div class=\"elementor-element elementor-element-f75f4b4 elementor-widget elementor-widget-heading\" data-id=\"f75f4b4\" data-element_type=\"widget\" data-e-type=\"widget\" data-widget_type=\"heading.default\">\n\t\t\t\t<div class=\"elementor-widget-container\">\n\t\t\t\t\t<h4 class=\"elementor-heading-title elementor-size-default\">Unsere Services im Bereich Datenintegration und Konsolidierung<\/h4>\t\t\t\t<\/div>\n\t\t\t\t<\/div>\n\t\t\t\t<div class=\"elementor-element elementor-element-1305204 elementor-widget elementor-widget-text-editor\" data-id=\"1305204\" data-element_type=\"widget\" data-e-type=\"widget\" data-widget_type=\"text-editor.default\">\n\t\t\t\t<div class=\"elementor-widget-container\">\n\t\t\t\t\t\t\t\t\t<p>GDS Business Intelligence GmbH bietet umfassende Dienstleistungen im Bereich Business Intelligence Consulting, die darauf abzielen, Unternehmen bei der Nutzung ihrer Datenpotenziale zu unterst\u00fctzen. Unser Ansatz kombiniert technisches Know-how mit einem tiefen Verst\u00e4ndnis f\u00fcr die gesch\u00e4ftlichen Anforderungen unserer Kunden, um ma\u00dfgeschneiderte BI-L\u00f6sungen zu entwickeln, die zu messbaren Ergebnissen f\u00fchren.<\/p><p><strong><span style=\"color: #0000ff;\">Analyse der Gesch\u00e4ftsanforderungen<\/span><br \/><\/strong>Wir beginnen mit einer gr\u00fcndlichen Analyse Ihrer Gesch\u00e4ftsprozesse und -ziele. Dies erm\u00f6glicht uns, Ihre spezifischen BI-Anforderungen zu identifizieren und eine Strategie zu entwickeln, die Ihre Gesch\u00e4ftsziele unterst\u00fctzt.<\/p><p><strong><span style=\"color: #0000ff;\">Datenintegration und -management<\/span><br \/><\/strong>Eine erfolgreiche BI-L\u00f6sung erfordert eine konsistente und zuverl\u00e4ssige Datenbasis. Wir unterst\u00fctzen Sie bei der Integration Ihrer verschiedenen Datenquellen und implementieren Prozesse zur Sicherstellung der Datenqualit\u00e4t und -konsistenz.<\/p><p><strong><span style=\"color: #0000ff;\">Implementierung von BI-Tools<\/span><br \/><\/strong>GDS Business Intelligence GmbH hilft Ihnen bei der Auswahl und Implementierung der besten BI-Tools f\u00fcr Ihre spezifischen Anforderungen. Wir arbeiten mit f\u00fchrenden BI-Plattformen wie Power BI, Tableau und Qlik, um Ihnen leistungsstarke Analysem\u00f6glichkeiten zu bieten.<\/p><p><span style=\"color: #0000ff;\"><strong>Erstellung ma\u00dfgeschneiderter Dashboards und Berichte<\/strong>\u00a0<\/span><br \/>Wir entwickeln intuitive und interaktive Dashboards und Berichte, die auf Ihre Gesch\u00e4ftsanforderungen zugeschnitten sind. Diese Visualisierungen bieten Ihnen einen klaren \u00dcberblick \u00fcber Ihre wichtigsten Leistungskennzahlen und unterst\u00fctzen fundierte Entscheidungen.<\/p><p><strong><span style=\"color: #0000ff;\">Schulung und Benutzerakzeptanz<\/span><br \/><\/strong>Der Erfolg einer BI-L\u00f6sung h\u00e4ngt ma\u00dfgeblich von der Akzeptanz durch die Benutzer ab. Wir bieten umfassende Schulungen an, um sicherzustellen, dass Ihre Mitarbeiter die neuen Tools effektiv nutzen k\u00f6nnen. Zudem f\u00f6rdern wir die Akzeptanz neuer Systeme durch gezielte Change-Management-Ma\u00dfnahmen.<\/p><p><span style=\"color: #0000ff;\"><strong>Kontinuierliche Optimierung<\/strong><\/span><br \/>BI ist kein einmaliges Projekt, sondern ein kontinuierlicher Prozess. Wir bieten fortlaufende Unterst\u00fctzung und Optimierungsdienste, um sicherzustellen, dass Ihre BI-L\u00f6sung stets auf dem neuesten Stand ist und optimal funktioniert.<\/p>\t\t\t\t\t\t\t\t<\/div>\n\t\t\t\t<\/div>\n\t\t\t\t<div class=\"elementor-element elementor-element-c824289 elementor-widget elementor-widget-heading\" data-id=\"c824289\" data-element_type=\"widget\" data-e-type=\"widget\" data-widget_type=\"heading.default\">\n\t\t\t\t<div class=\"elementor-widget-container\">\n\t\t\t\t\t<h4 class=\"elementor-heading-title elementor-size-default\">Fragen zu Datenmodellierung<\/h4>\t\t\t\t<\/div>\n\t\t\t\t<\/div>\n\t\t\t\t\t<\/div>\n\t\t\t\t<\/div>\n\t\t<div class=\"elementor-element elementor-element-89b59be e-flex e-con-boxed e-con e-parent\" data-id=\"89b59be\" data-element_type=\"container\" data-e-type=\"container\">\n\t\t\t\t\t<div class=\"e-con-inner\">\n\t\t\t\t<div class=\"elementor-element elementor-element-e2aa5d7 elementor-widget elementor-widget-tragafaq\" data-id=\"e2aa5d7\" data-element_type=\"widget\" data-e-type=\"widget\" data-widget_type=\"tragafaq.default\">\n\t\t\t\t<div class=\"elementor-widget-container\">\n\t\t\t\t\t<div class=\"accordion-area accordion\" id=\"faqAccordion\"><div class=\"accordion-card style2 active\"><div class=\"accordion-header\" id=\"collapse-item-1\"><button class=\"accordion-button \" type=\"button\" data-bs-toggle=\"collapse\" data-bs-target=\"#collapse-1\" aria-expanded=\"true\" aria-controls=\"collapse-1\">Was ist Business Intelligence Consulting?<\/button><\/div><div id=\"collapse-1\" class=\"accordion-collapse collapse show \" aria-labelledby=\"collapse-item-1\" data-bs-parent=\"#faqAccordion\"><div class=\"accordion-body\"><p class=\"faq-text\">Business Intelligence Consulting umfasst die Beratung und Unterst\u00fctzung von Unternehmen bei der Implementierung, Optimierung und Nutzung von BI-Systemen und -Prozessen, um datenbasierte Entscheidungen zu treffen und die Unternehmensleistung zu verbessern.<\/p><\/div><\/div><\/div><div class=\"accordion-card style2 \"><div class=\"accordion-header\" id=\"collapse-item-2\"><button class=\"accordion-button collapsed\" type=\"button\" data-bs-toggle=\"collapse\" data-bs-target=\"#collapse-2\" aria-expanded=\"false\" aria-controls=\"collapse-2\">Wie kann Business Intelligence Consulting meinem Unternehmen helfen?<\/button><\/div><div id=\"collapse-2\" class=\"accordion-collapse collapse  \" aria-labelledby=\"collapse-item-2\" data-bs-parent=\"#faqAccordion\"><div class=\"accordion-body\"><p class=\"faq-text\">BI Consulting hilft Ihrem Unternehmen, seine Daten effektiv zu nutzen, um fundierte Entscheidungen zu treffen, Prozesse zu optimieren, Kosten zu senken und Wettbewerbsvorteile zu erzielen.<\/p><\/div><\/div><\/div><div class=\"accordion-card style2 \"><div class=\"accordion-header\" id=\"collapse-item-3\"><button class=\"accordion-button collapsed\" type=\"button\" data-bs-toggle=\"collapse\" data-bs-target=\"#collapse-3\" aria-expanded=\"false\" aria-controls=\"collapse-3\">Welche BI-Tools und -Plattformen unterst\u00fctzt GDS Business Intelligence GmbH?<\/button><\/div><div id=\"collapse-3\" class=\"accordion-collapse collapse  \" aria-labelledby=\"collapse-item-3\" data-bs-parent=\"#faqAccordion\"><div class=\"accordion-body\"><p class=\"faq-text\">Wir arbeiten mit den f\u00fchrenden BI-Tools von Microsoft wie Power BI und Microsoft Fabric, um ma\u00dfgeschneiderte L\u00f6sungen f\u00fcr die spezifischen Anforderungen Ihres Unternehmens zu entwickeln.<\/p><\/div><\/div><\/div><div class=\"accordion-card style2 \"><div class=\"accordion-header\" id=\"collapse-item-4\"><button class=\"accordion-button collapsed\" type=\"button\" data-bs-toggle=\"collapse\" data-bs-target=\"#collapse-4\" aria-expanded=\"false\" aria-controls=\"collapse-4\">Wie lange dauert es, eine BI-L\u00f6sung zu implementieren?<\/button><\/div><div id=\"collapse-4\" class=\"accordion-collapse collapse  \" aria-labelledby=\"collapse-item-4\" data-bs-parent=\"#faqAccordion\"><div class=\"accordion-body\"><p class=\"faq-text\">Die Dauer h\u00e4ngt von der Komplexit\u00e4t des Projekts ab. Kleinere Projekte k\u00f6nnen in wenigen Wochen abgeschlossen werden, w\u00e4hrend umfangreichere Implementierungen mehrere Monate in Anspruch nehmen k\u00f6nnen.<\/p><\/div><\/div><\/div><div class=\"accordion-card style2 \"><div class=\"accordion-header\" id=\"collapse-item-5\"><button class=\"accordion-button collapsed\" type=\"button\" data-bs-toggle=\"collapse\" data-bs-target=\"#collapse-5\" aria-expanded=\"false\" aria-controls=\"collapse-5\">Wie stellt GDS Business Intelligence GmbH sicher, dass unsere Datenqualit\u00e4t hoch ist?<\/button><\/div><div id=\"collapse-5\" class=\"accordion-collapse collapse  \" aria-labelledby=\"collapse-item-5\" data-bs-parent=\"#faqAccordion\"><div class=\"accordion-body\"><p class=\"faq-text\">Wir f\u00fchren umfassende Datenintegrations- und Qualit\u00e4tsmanagementprozesse durch, um sicherzustellen, dass Ihre BI-L\u00f6sungen auf einer soliden und konsistenten Datenbasis aufbauen.<\/p><\/div><\/div><\/div><div class=\"accordion-card style2 \"><div class=\"accordion-header\" id=\"collapse-item-6\"><button class=\"accordion-button collapsed\" type=\"button\" data-bs-toggle=\"collapse\" data-bs-target=\"#collapse-6\" aria-expanded=\"false\" aria-controls=\"collapse-6\">Welche Branchen profitieren am meisten von BI-Consulting?<\/button><\/div><div id=\"collapse-6\" class=\"accordion-collapse collapse  \" aria-labelledby=\"collapse-item-6\" data-bs-parent=\"#faqAccordion\"><div class=\"accordion-body\"><p class=\"faq-text\">Praktisch alle Branchen k\u00f6nnen von BI-Consulting profitieren, insbesondere solche mit gro\u00dfen Datenmengen wie Finanzdienstleistungen, Einzelhandel, Gesundheitswesen, Fertigung und Logistik.<\/p><\/div><\/div><\/div><div class=\"accordion-card style2 \"><div class=\"accordion-header\" id=\"collapse-item-7\"><button class=\"accordion-button collapsed\" type=\"button\" data-bs-toggle=\"collapse\" data-bs-target=\"#collapse-7\" aria-expanded=\"false\" aria-controls=\"collapse-7\">Was sind die Hauptvorteile der Implementierung einer BI-L\u00f6sung?<\/button><\/div><div id=\"collapse-7\" class=\"accordion-collapse collapse  \" aria-labelledby=\"collapse-item-7\" data-bs-parent=\"#faqAccordion\"><div class=\"accordion-body\"><p class=\"faq-text\"> Zu den Hauptvorteilen geh\u00f6ren fundierte Entscheidungsfindung, erh\u00f6hte Prozesseffizienz, verbesserte Datenqualit\u00e4t, Wettbewerbsvorteile, Kosteneinsparungen und langfristige Zukunftssicherheit.<\/p><\/div><\/div><\/div><div class=\"accordion-card style2 \"><div class=\"accordion-header\" id=\"collapse-item-8\"><button class=\"accordion-button collapsed\" type=\"button\" data-bs-toggle=\"collapse\" data-bs-target=\"#collapse-8\" aria-expanded=\"false\" aria-controls=\"collapse-8\">Wie unterst\u00fctzt GDS Business Intelligence GmbH bei der Akzeptanz neuer BI-Tools durch die Mitarbeiter?<\/button><\/div><div id=\"collapse-8\" class=\"accordion-collapse collapse  \" aria-labelledby=\"collapse-item-8\" data-bs-parent=\"#faqAccordion\"><div class=\"accordion-body\"><p class=\"faq-text\">Wir bieten umfassende Schulungen und Change-Management-Ma\u00dfnahmen an, um sicherzustellen, dass Ihre Mitarbeiter die neuen Tools effektiv nutzen und in ihre t\u00e4glichen Arbeitsabl\u00e4ufe integrieren.<\/p><\/div><\/div><\/div><div class=\"accordion-card style2 \"><div class=\"accordion-header\" id=\"collapse-item-9\"><button class=\"accordion-button collapsed\" type=\"button\" data-bs-toggle=\"collapse\" data-bs-target=\"#collapse-9\" aria-expanded=\"false\" aria-controls=\"collapse-9\">Ist Business Intelligence Consulting eine einmalige Dienstleistung?<\/button><\/div><div id=\"collapse-9\" class=\"accordion-collapse collapse  \" aria-labelledby=\"collapse-item-9\" data-bs-parent=\"#faqAccordion\"><div class=\"accordion-body\"><p class=\"faq-text\">Nein, BI-Consulting ist ein kontinuierlicher Prozess. Wir bieten fortlaufende Unterst\u00fctzung und Optimierungsdienste, um sicherzustellen, dass Ihre BI-L\u00f6sungen stets auf dem neuesten Stand sind und optimal funktionieren.<\/p><\/div><\/div><\/div><div class=\"accordion-card style2 \"><div class=\"accordion-header\" id=\"collapse-item-10\"><button class=\"accordion-button collapsed\" type=\"button\" data-bs-toggle=\"collapse\" data-bs-target=\"#collapse-10\" aria-expanded=\"false\" aria-controls=\"collapse-10\">Wie kann BI-Consulting meinem Unternehmen helfen, einen Wettbewerbsvorteil zu erlangen?<\/button><\/div><div id=\"collapse-10\" class=\"accordion-collapse collapse  \" aria-labelledby=\"collapse-item-10\" data-bs-parent=\"#faqAccordion\"><div class=\"accordion-body\"><p class=\"faq-text\">Durch den effektiven Einsatz von BI-Tools k\u00f6nnen Sie Markttrends schneller erkennen, proaktiv auf Ver\u00e4nderungen reagieren und datenbasierte Entscheidungen treffen, die Ihrem Unternehmen einen strategischen Vorteil gegen\u00fcber der Konkurrenz verschaffen.<\/p><\/div><\/div><\/div><\/div>\t\t\t\t<\/div>\n\t\t\t\t<\/div>\n\t\t\t\t<div class=\"elementor-element elementor-element-b338353 elementor-widget elementor-widget-heading\" data-id=\"b338353\" data-element_type=\"widget\" data-e-type=\"widget\" data-widget_type=\"heading.default\">\n\t\t\t\t<div class=\"elementor-widget-container\">\n\t\t\t\t\t<h4 class=\"elementor-heading-title elementor-size-default\">Fazit\n<\/h4>\t\t\t\t<\/div>\n\t\t\t\t<\/div>\n\t\t\t\t<div class=\"elementor-element elementor-element-b88880f elementor-widget elementor-widget-text-editor\" data-id=\"b88880f\" data-element_type=\"widget\" data-e-type=\"widget\" data-widget_type=\"text-editor.default\">\n\t\t\t\t<div class=\"elementor-widget-container\">\n\t\t\t\t\t\t\t\t\t<p>Business Intelligence Consulting ist ein entscheidender Erfolgsfaktor in der modernen Gesch\u00e4ftswelt. GDS Business Intelligence GmbH unterst\u00fctzt Sie dabei, Ihre Daten effektiv zu nutzen, um fundierte Entscheidungen zu treffen und Ihr Unternehmen strategisch auszurichten. Mit unseren ma\u00dfgeschneiderten BI-L\u00f6sungen und umfassenden Beratungsdiensten helfen wir Ihnen, das volle Potenzial Ihrer Daten auszusch\u00f6pfen und langfristig erfolgreich zu sein. Vertrauen Sie auf GDS Business Intelligence GmbH, um Ihre BI-Strategie auf das n\u00e4chste Level zu heben und einen echten Wettbewerbsvorteil zu erzielen.<\/p>\t\t\t\t\t\t\t\t<\/div>\n\t\t\t\t<\/div>\n\t\t\t\t\t<\/div>\n\t\t\t\t<\/div>\n\t\t\t\t<\/div>\n\t\t","protected":false},"excerpt":{"rendered":"<p>In der heutigen wettbewerbsintensiven Gesch\u00e4ftswelt ist der Zugriff auf pr\u00e4zise und zeitnahe Informationen entscheidend f\u00fcr den Erfolg. Unternehmen, die ihre Daten optimal nutzen, um fundierte Entscheidungen zu treffen, k\u00f6nnen sich einen entscheidenden Wettbewerbsvorteil verschaffen. Hier kommt Business Intelligence (BI) Consulting ins Spiel. GDS Business Intelligence GmbH bietet umfassende BI-Beratung, die Unternehmen dabei unterst\u00fctzt, ihre Daten&#8230;<\/p>\n","protected":false},"author":1,"featured_media":7505,"parent":0,"menu_order":0,"comment_status":"closed","ping_status":"closed","template":"template-builder.php","meta":{"footnotes":""},"class_list":["post-7728","page","type-page","status-publish","has-post-thumbnail","hentry"],"_links":{"self":[{"href":"https:\/\/gds-business-intelligence.de\/index.php?rest_route=\/wp\/v2\/pages\/7728","targetHints":{"allow":["GET"]}}],"collection":[{"href":"https:\/\/gds-business-intelligence.de\/index.php?rest_route=\/wp\/v2\/pages"}],"about":[{"href":"https:\/\/gds-business-intelligence.de\/index.php?rest_route=\/wp\/v2\/types\/page"}],"author":[{"embeddable":true,"href":"https:\/\/gds-business-intelligence.de\/index.php?rest_route=\/wp\/v2\/users\/1"}],"replies":[{"embeddable":true,"href":"https:\/\/gds-business-intelligence.de\/index.php?rest_route=%2Fwp%2Fv2%2Fcomments&post=7728"}],"version-history":[{"count":13,"href":"https:\/\/gds-business-intelligence.de\/index.php?rest_route=\/wp\/v2\/pages\/7728\/revisions"}],"predecessor-version":[{"id":7742,"href":"https:\/\/gds-business-intelligence.de\/index.php?rest_route=\/wp\/v2\/pages\/7728\/revisions\/7742"}],"wp:featuredmedia":[{"embeddable":true,"href":"https:\/\/gds-business-intelligence.de\/index.php?rest_route=\/wp\/v2\/media\/7505"}],"wp:attachment":[{"href":"https:\/\/gds-business-intelligence.de\/index.php?rest_route=%2Fwp%2Fv2%2Fmedia&parent=7728"}],"curies":[{"name":"wp","href":"https:\/\/api.w.org\/{rel}","templated":true}]}}