{"id":7746,"date":"2024-08-23T16:02:54","date_gmt":"2024-08-23T16:02:54","guid":{"rendered":"https:\/\/gds-business-intelligence.de\/?page_id=7746"},"modified":"2024-08-23T17:02:52","modified_gmt":"2024-08-23T17:02:52","slug":"cloudbasierte-datenloesungen","status":"publish","type":"page","link":"https:\/\/gds-business-intelligence.de\/?page_id=7746","title":{"rendered":"Cloudbasierte Datenl\u00f6sungen"},"content":{"rendered":"\t\t<div data-elementor-type=\"wp-page\" data-elementor-id=\"7746\" class=\"elementor elementor-7746\">\n\t\t\t\t<div class=\"elementor-element elementor-element-659fc11 e-flex e-con-boxed e-con e-parent\" data-id=\"659fc11\" data-element_type=\"container\" data-e-type=\"container\">\n\t\t\t\t\t<div class=\"e-con-inner\">\n\t\t<div class=\"elementor-element elementor-element-7421c8c e-con-full e-flex e-con e-child\" data-id=\"7421c8c\" data-element_type=\"container\" data-e-type=\"container\">\n\t\t\t\t<\/div>\n\t\t\t\t<div class=\"elementor-element elementor-element-438c258 elementor-widget elementor-widget-text-editor\" data-id=\"438c258\" data-element_type=\"widget\" data-e-type=\"widget\" data-widget_type=\"text-editor.default\">\n\t\t\t\t<div class=\"elementor-widget-container\">\n\t\t\t\t\t\t\t\t\t<p>In der heutigen digitalen Gesch\u00e4ftswelt sind Daten ein unverzichtbarer Rohstoff f\u00fcr den Erfolg eines Unternehmens. Mit der zunehmenden Menge und Komplexit\u00e4t von Daten stehen Unternehmen vor der Herausforderung, diese Daten effizient zu speichern, zu verwalten und zu nutzen. Cloudbasierte Datenl\u00f6sungen bieten eine flexible, skalierbare und kosteneffiziente M\u00f6glichkeit, diese Herausforderungen zu bew\u00e4ltigen. GDS Business Intelligence GmbH ist Ihr Partner bei der Implementierung und Optimierung von Cloudbasierten Datenl\u00f6sungen, die Ihr Unternehmen auf die n\u00e4chste Stufe heben.<\/p>\t\t\t\t\t\t\t\t<\/div>\n\t\t\t\t<\/div>\n\t\t\t\t<div class=\"elementor-element elementor-element-8d9b255 elementor-widget elementor-widget-heading\" data-id=\"8d9b255\" data-element_type=\"widget\" data-e-type=\"widget\" data-widget_type=\"heading.default\">\n\t\t\t\t<div class=\"elementor-widget-container\">\n\t\t\t\t\t<h4 class=\"elementor-heading-title elementor-size-default\">Was sind cloudbasierte Datenl\u00f6sungen?<\/h4>\t\t\t\t<\/div>\n\t\t\t\t<\/div>\n\t\t\t\t<div class=\"elementor-element elementor-element-ac082de elementor-widget elementor-widget-text-editor\" data-id=\"ac082de\" data-element_type=\"widget\" data-e-type=\"widget\" data-widget_type=\"text-editor.default\">\n\t\t\t\t<div class=\"elementor-widget-container\">\n\t\t\t\t\t\t\t\t\t<p>Cloud-basierte Datenl\u00f6sungen erm\u00f6glichen es Unternehmen, ihre Daten in der Cloud zu speichern, zu verarbeiten und zu analysieren, anstatt auf lokale Server und Infrastruktur angewiesen zu sein. Diese L\u00f6sungen bieten zahlreiche Vorteile, darunter erh\u00f6hte Flexibilit\u00e4t, Skalierbarkeit und Zug\u00e4nglichkeit. Mit der Cloud k\u00f6nnen Unternehmen auf eine Vielzahl von Datenmanagement- und Analysetools zugreifen, ohne in teure Hardware und Software investieren zu m\u00fcssen.<\/p><p>Zu den Cloud-basierten Datenl\u00f6sungen geh\u00f6ren unter anderem Data Warehouses, Data Lakes, BI-Plattformen und spezialisierte Datenmanagement-Tools, die alle in der Cloud gehostet werden. Diese L\u00f6sungen erm\u00f6glichen es Unternehmen, gro\u00dfe Datenmengen in Echtzeit zu verarbeiten, Analysen durchzuf\u00fchren und datengest\u00fctzte Entscheidungen zu treffen, die das Unternehmenswachstum f\u00f6rdern.<\/p>\t\t\t\t\t\t\t\t<\/div>\n\t\t\t\t<\/div>\n\t\t\t\t<div class=\"elementor-element elementor-element-f23cab0 elementor-widget elementor-widget-heading\" data-id=\"f23cab0\" data-element_type=\"widget\" data-e-type=\"widget\" data-widget_type=\"heading.default\">\n\t\t\t\t<div class=\"elementor-widget-container\">\n\t\t\t\t\t<h4 class=\"elementor-heading-title elementor-size-default\">Der Nutzen f\u00fcr Ihr Unternehmen<\/h4>\t\t\t\t<\/div>\n\t\t\t\t<\/div>\n\t\t\t\t<div class=\"elementor-element elementor-element-72d544a elementor-widget elementor-widget-text-editor\" data-id=\"72d544a\" data-element_type=\"widget\" data-e-type=\"widget\" data-widget_type=\"text-editor.default\">\n\t\t\t\t<div class=\"elementor-widget-container\">\n\t\t\t\t\t\t\t\t\t<p>Die Zusammenarbeit mit GDS Business Intelligence GmbH im Bereich cloudbasierte Datenl\u00f6sungen bietet zahlreiche Vorteile, die Ihrem Unternehmen helfen, in einer datengetriebenen Welt erfolgreich zu sein:<\/p>\t\t\t\t\t\t\t\t<\/div>\n\t\t\t\t<\/div>\n\t\t\t\t<div class=\"elementor-element elementor-element-80379e0 elementor-widget elementor-widget-tragafeature\" data-id=\"80379e0\" data-element_type=\"widget\" data-e-type=\"widget\" data-widget_type=\"tragafeature.default\">\n\t\t\t\t<div class=\"elementor-widget-container\">\n\t\t\t\t\t<div class=\"service-feature-wrap\"><div class=\"service-feature\"><div class=\"service-feature_icon\"><img decoding=\"async\" src=\"https:\/\/gds-business-intelligence.de\/wp-content\/uploads\/2024\/08\/Entsscheidungsfindung-white.png\" alt=\"GDS%20Business%20Intelligence%20Website\"  \/><\/div><div class=\"media-body\"><h4 class=\"service-feature_title\">Erh\u00f6hte Flexibilit\u00e4t<\/h4><p class=\"service-feature_text\">Kunden k\u00f6nnen ihre Dateninfrastruktur problemlos an ver\u00e4nderte Gesch\u00e4ftsanforderungen anpassen und flexibel auf wachsende Datenmengen reagieren.<\/p><\/div><\/div><div class=\"service-feature\"><div class=\"service-feature_icon\"><img decoding=\"async\" src=\"https:\/\/gds-business-intelligence.de\/wp-content\/uploads\/2024\/08\/Effizienz-white.png\" alt=\"GDS%20Business%20Intelligence%20Website\"  \/><\/div><div class=\"media-body\"><h4 class=\"service-feature_title\">Skalierbarkeit nach Bedarf<\/h4><p class=\"service-feature_text\">Cloud-basierte L\u00f6sungen erm\u00f6glichen es, Datenkapazit\u00e4ten einfach und kosteng\u00fcnstig zu skalieren, ohne in teure Hardware investieren zu m\u00fcssen.<\/p><\/div><\/div><div class=\"service-feature\"><div class=\"service-feature_icon\"><img decoding=\"async\" src=\"https:\/\/gds-business-intelligence.de\/wp-content\/uploads\/2024\/08\/Kostenreduktion-white.png\" alt=\"GDS%20Business%20Intelligence%20Website\"  \/><\/div><div class=\"media-body\"><h4 class=\"service-feature_title\">Echtzeit-Analysen<\/h4><p class=\"service-feature_text\">Mit Cloud-basierten L\u00f6sungen k\u00f6nnen Kunden Daten in Echtzeit verarbeiten und analysieren, was schnelle und fundierte Entscheidungen erm\u00f6glicht.<\/p><\/div><\/div><div class=\"service-feature\"><div class=\"service-feature_icon\"><img decoding=\"async\" src=\"https:\/\/gds-business-intelligence.de\/wp-content\/uploads\/2024\/08\/vereinfachteITVerwaltung.png\" alt=\"GDS%20Business%20Intelligence%20Website\"  \/><\/div><div class=\"media-body\"><h4 class=\"service-feature_title\">Vereinfachte IT-Verwaltung<\/h4><p class=\"service-feature_text\">Die Cloud \u00fcbernimmt die Verwaltung und Wartung der IT-Infrastruktur, sodass sich Kunden auf strategische Gesch\u00e4ftsaufgaben konzentrieren k\u00f6nnen.<\/p><\/div><\/div><\/div>\t\t\t\t<\/div>\n\t\t\t\t<\/div>\n\t\t\t\t<div class=\"elementor-element elementor-element-f75f4b4 elementor-widget elementor-widget-heading\" data-id=\"f75f4b4\" data-element_type=\"widget\" data-e-type=\"widget\" data-widget_type=\"heading.default\">\n\t\t\t\t<div class=\"elementor-widget-container\">\n\t\t\t\t\t<h4 class=\"elementor-heading-title elementor-size-default\">Unsere Services im Bereich cloudbasierte Datenl\u00f6sungen<\/h4>\t\t\t\t<\/div>\n\t\t\t\t<\/div>\n\t\t\t\t<div class=\"elementor-element elementor-element-1305204 elementor-widget elementor-widget-text-editor\" data-id=\"1305204\" data-element_type=\"widget\" data-e-type=\"widget\" data-widget_type=\"text-editor.default\">\n\t\t\t\t<div class=\"elementor-widget-container\">\n\t\t\t\t\t\t\t\t\t<p>GDS Business Intelligence GmbH bietet umfassende Dienstleistungen zur Implementierung, Verwaltung und Optimierung von Cloud-basierten Datenl\u00f6sungen. Unser Ziel ist es, Ihnen zu helfen, das volle Potenzial der Cloud zu nutzen und Ihre Datenstrategien effektiv umzusetzen.<\/p><p><strong><span style=\"color: #0000ff;\">Bedarfsanalyse und Strategieentwicklung<\/span><br \/><\/strong>Wir beginnen mit einer detaillierten Analyse Ihrer Gesch\u00e4ftsanforderungen und der bestehenden IT-Infrastruktur. Basierend auf diesen Erkenntnissen entwickeln wir eine ma\u00dfgeschneiderte Cloud-Strategie, die auf Ihre spezifischen Bed\u00fcrfnisse und Ziele abgestimmt ist.<\/p><p><strong><span style=\"color: #0000ff;\">Datenmigration und Integration<\/span><br \/><\/strong>Der \u00dcbergang in die Cloud erfordert eine sorgf\u00e4ltige Planung und Durchf\u00fchrung der Datenmigration. Wir \u00fcbernehmen die sichere und effiziente Migration Ihrer Daten in die Cloud und sorgen daf\u00fcr, dass Ihre bestehenden Systeme nahtlos in die neue Umgebung integriert werden.<\/p><p><strong><span style=\"color: #0000ff;\">Implementierung von Cloud-basierten Datenl\u00f6sungen<\/span><br \/><\/strong>Wir implementieren ma\u00dfgeschneiderte Cloud-basierte Datenl\u00f6sungen, die auf Ihre Anforderungen zugeschnitten sind. Dazu geh\u00f6ren Data Warehouses, Data Lakes, BI-Plattformen und weitere Datenmanagement-Tools, die es Ihnen erm\u00f6glichen, Ihre Daten effektiv zu verwalten und zu analysieren.<\/p><p><span style=\"color: #0000ff;\"><strong>Sicherheits- und Compliance-Management<\/strong><\/span><br \/>Sicherheit ist ein zentrales Anliegen bei der Nutzung von Cloud-Diensten. Wir setzen modernste Sicherheitsl\u00f6sungen ein, um sicherzustellen, dass Ihre Daten in der Cloud gesch\u00fctzt sind und alle relevanten Compliance-Anforderungen erf\u00fcllt werden.<\/p><p><strong><span style=\"color: #0000ff;\">Schulung und Support<\/span><br \/><\/strong>Um sicherzustellen, dass Ihre Mitarbeiter die neuen Cloud-L\u00f6sungen optimal nutzen k\u00f6nnen, bieten wir umfassende Schulungen an. Dar\u00fcber hinaus stehen wir Ihnen mit fortlaufendem Support zur Seite, um sicherzustellen, dass Ihre Cloud-Datenl\u00f6sungen reibungslos funktionieren und bei Bedarf optimiert werden.<\/p>\t\t\t\t\t\t\t\t<\/div>\n\t\t\t\t<\/div>\n\t\t\t\t<div class=\"elementor-element elementor-element-c824289 elementor-widget elementor-widget-heading\" data-id=\"c824289\" data-element_type=\"widget\" data-e-type=\"widget\" data-widget_type=\"heading.default\">\n\t\t\t\t<div class=\"elementor-widget-container\">\n\t\t\t\t\t<h4 class=\"elementor-heading-title elementor-size-default\">Fragen zur cloudbasierten Datenl\u00f6sungen<\/h4>\t\t\t\t<\/div>\n\t\t\t\t<\/div>\n\t\t\t\t\t<\/div>\n\t\t\t\t<\/div>\n\t\t<div class=\"elementor-element elementor-element-89b59be e-flex e-con-boxed e-con e-parent\" data-id=\"89b59be\" data-element_type=\"container\" data-e-type=\"container\">\n\t\t\t\t\t<div class=\"e-con-inner\">\n\t\t\t\t<div class=\"elementor-element elementor-element-e2aa5d7 elementor-widget elementor-widget-tragafaq\" data-id=\"e2aa5d7\" data-element_type=\"widget\" data-e-type=\"widget\" data-widget_type=\"tragafaq.default\">\n\t\t\t\t<div class=\"elementor-widget-container\">\n\t\t\t\t\t<div class=\"accordion-area accordion\" id=\"faqAccordion\"><div class=\"accordion-card style2 active\"><div class=\"accordion-header\" id=\"collapse-item-1\"><button class=\"accordion-button \" type=\"button\" data-bs-toggle=\"collapse\" data-bs-target=\"#collapse-1\" aria-expanded=\"true\" aria-controls=\"collapse-1\">Was sind cloudbasierte Datenl\u00f6sungen?<\/button><\/div><div id=\"collapse-1\" class=\"accordion-collapse collapse show \" aria-labelledby=\"collapse-item-1\" data-bs-parent=\"#faqAccordion\"><div class=\"accordion-body\"><p class=\"faq-text\">Cloud-basierte Datenl\u00f6sungen erm\u00f6glichen es Unternehmen, ihre Daten in der Cloud zu speichern, zu verwalten und zu analysieren, anstatt auf lokale Server und Infrastruktur angewiesen zu sein. Diese L\u00f6sungen bieten Flexibilit\u00e4t, Skalierbarkeit und Kosteneffizienz.<\/p><\/div><\/div><\/div><div class=\"accordion-card style2 \"><div class=\"accordion-header\" id=\"collapse-item-2\"><button class=\"accordion-button collapsed\" type=\"button\" data-bs-toggle=\"collapse\" data-bs-target=\"#collapse-2\" aria-expanded=\"false\" aria-controls=\"collapse-2\">Welche Vorteile bieten cloudbasierte Datenl\u00f6sungen im Vergleich zu lokalen Systemen?<\/button><\/div><div id=\"collapse-2\" class=\"accordion-collapse collapse  \" aria-labelledby=\"collapse-item-2\" data-bs-parent=\"#faqAccordion\"><div class=\"accordion-body\"><p class=\"faq-text\">Cloudbasierte L\u00f6sungen bieten Vorteile wie h\u00f6here Flexibilit\u00e4t, einfache Skalierbarkeit, Kosteneffizienz, schnellen Zugriff auf Daten von \u00fcberall, verbesserte Zusammenarbeit und erweiterte Sicherheitsfunktionen.<\/p><\/div><\/div><\/div><div class=\"accordion-card style2 \"><div class=\"accordion-header\" id=\"collapse-item-3\"><button class=\"accordion-button collapsed\" type=\"button\" data-bs-toggle=\"collapse\" data-bs-target=\"#collapse-3\" aria-expanded=\"false\" aria-controls=\"collapse-3\">Wie sicher sind cloudbasierte Datenl\u00f6sungen?<\/button><\/div><div id=\"collapse-3\" class=\"accordion-collapse collapse  \" aria-labelledby=\"collapse-item-3\" data-bs-parent=\"#faqAccordion\"><div class=\"accordion-body\"><p class=\"faq-text\">Cloud-basierte Datenl\u00f6sungen nutzen modernste Sicherheitsma\u00dfnahmen wie Verschl\u00fcsselung, mehrstufige Authentifizierung und regelm\u00e4\u00dfige Sicherheitsupdates, um Daten vor unbefugtem Zugriff zu sch\u00fctzen.<\/p><\/div><\/div><\/div><div class=\"accordion-card style2 \"><div class=\"accordion-header\" id=\"collapse-item-4\"><button class=\"accordion-button collapsed\" type=\"button\" data-bs-toggle=\"collapse\" data-bs-target=\"#collapse-4\" aria-expanded=\"false\" aria-controls=\"collapse-4\">Welche Cloud-Plattformen unterst\u00fctzt GDS Business Intelligence GmbH?<\/button><\/div><div id=\"collapse-4\" class=\"accordion-collapse collapse  \" aria-labelledby=\"collapse-item-4\" data-bs-parent=\"#faqAccordion\"><div class=\"accordion-body\"><p class=\"faq-text\">GDS Business Intelligence GmbH unterst\u00fctzt ausschlie\u00dflich Microsoft Azure. Die Fokussierung auf einen Cloudanbieter hat f\u00fcr uns den Vorteil, dass wir im Bereich Azure tiefe Kenntnisse aufbauen konnten, die Ihnen zugute kommen.<\/p><\/div><\/div><\/div><div class=\"accordion-card style2 \"><div class=\"accordion-header\" id=\"collapse-item-5\"><button class=\"accordion-button collapsed\" type=\"button\" data-bs-toggle=\"collapse\" data-bs-target=\"#collapse-5\" aria-expanded=\"false\" aria-controls=\"collapse-5\">Wie hilft GDS Business Intelligence GmbH bei der Migration meiner Daten in die Cloud?<\/button><\/div><div id=\"collapse-5\" class=\"accordion-collapse collapse  \" aria-labelledby=\"collapse-item-5\" data-bs-parent=\"#faqAccordion\"><div class=\"accordion-body\"><p class=\"faq-text\">Wir \u00fcbernehmen die Planung, Durchf\u00fchrung und \u00dcberwachung des gesamten Migrationsprozesses, um sicherzustellen, dass Ihre Daten sicher und effizient in die Cloud \u00fcbertragen und in Ihre bestehenden Systeme integriert werden.<\/p><\/div><\/div><\/div><div class=\"accordion-card style2 \"><div class=\"accordion-header\" id=\"collapse-item-6\"><button class=\"accordion-button collapsed\" type=\"button\" data-bs-toggle=\"collapse\" data-bs-target=\"#collapse-6\" aria-expanded=\"false\" aria-controls=\"collapse-6\">Welche Art von Datenl\u00f6sungen kann in der Cloud implementiert werden?<\/button><\/div><div id=\"collapse-6\" class=\"accordion-collapse collapse  \" aria-labelledby=\"collapse-item-6\" data-bs-parent=\"#faqAccordion\"><div class=\"accordion-body\"><p class=\"faq-text\">In der Cloud k\u00f6nnen eine Vielzahl von Datenl\u00f6sungen implementiert werden, darunter Data Warehouses, Data Lakes, BI-Plattformen, Datenintegrations-Tools und Analysel\u00f6sungen.<\/p><\/div><\/div><\/div><div class=\"accordion-card style2 \"><div class=\"accordion-header\" id=\"collapse-item-7\"><button class=\"accordion-button collapsed\" type=\"button\" data-bs-toggle=\"collapse\" data-bs-target=\"#collapse-7\" aria-expanded=\"false\" aria-controls=\"collapse-7\">Kann mein Unternehmen bei der Nutzung von cloudbasierten L\u00f6sungen Kosten sparen?<\/button><\/div><div id=\"collapse-7\" class=\"accordion-collapse collapse  \" aria-labelledby=\"collapse-item-7\" data-bs-parent=\"#faqAccordion\"><div class=\"accordion-body\"><p class=\"faq-text\">Ja, durch die Nutzung von Cloud-basierten L\u00f6sungen zahlen Sie nur f\u00fcr die tats\u00e4chlich genutzten Ressourcen, was zu erheblichen Kosteneinsparungen f\u00fchrt, insbesondere im Vergleich zu den hohen Vorabinvestitionen in lokale Infrastruktur.<\/p><\/div><\/div><\/div><div class=\"accordion-card style2 \"><div class=\"accordion-header\" id=\"collapse-item-8\"><button class=\"accordion-button collapsed\" type=\"button\" data-bs-toggle=\"collapse\" data-bs-target=\"#collapse-8\" aria-expanded=\"false\" aria-controls=\"collapse-8\">Wie lange dauert es, eine cloudbasierte Datenl\u00f6sung zu implementieren?<\/button><\/div><div id=\"collapse-8\" class=\"accordion-collapse collapse  \" aria-labelledby=\"collapse-item-8\" data-bs-parent=\"#faqAccordion\"><div class=\"accordion-body\"><p class=\"faq-text\">Die Dauer der Implementierung h\u00e4ngt von der Komplexit\u00e4t des Projekts ab. Kleinere Projekte k\u00f6nnen in wenigen Wochen abgeschlossen werden, w\u00e4hrend umfangreichere Implementierungen mehrere Monate dauern k\u00f6nnen.<\/p><\/div><\/div><\/div><div class=\"accordion-card style2 \"><div class=\"accordion-header\" id=\"collapse-item-9\"><button class=\"accordion-button collapsed\" type=\"button\" data-bs-toggle=\"collapse\" data-bs-target=\"#collapse-9\" aria-expanded=\"false\" aria-controls=\"collapse-9\">Wie kann GDS Business Intelligence GmbH sicherstellen, dass meine Daten in der Cloud immer verf\u00fcgbar sind?<\/button><\/div><div id=\"collapse-9\" class=\"accordion-collapse collapse  \" aria-labelledby=\"collapse-item-9\" data-bs-parent=\"#faqAccordion\"><div class=\"accordion-body\"><p class=\"faq-text\"> Wir implementieren hochverf\u00fcgbare Cloud-L\u00f6sungen, die redundante Systeme nutzen, um sicherzustellen, dass Ihre Daten jederzeit zug\u00e4nglich sind, auch im Falle von Hardwareausf\u00e4llen oder anderen St\u00f6rungen.<\/p><\/div><\/div><\/div><div class=\"accordion-card style2 \"><div class=\"accordion-header\" id=\"collapse-item-10\"><button class=\"accordion-button collapsed\" type=\"button\" data-bs-toggle=\"collapse\" data-bs-target=\"#collapse-10\" aria-expanded=\"false\" aria-controls=\"collapse-10\">Welche Schulungen bietet GDS Business Intelligence GmbH f\u00fcr die Nutzung von Cloud-basierten Datenl\u00f6sungen an?<\/button><\/div><div id=\"collapse-10\" class=\"accordion-collapse collapse  \" aria-labelledby=\"collapse-item-10\" data-bs-parent=\"#faqAccordion\"><div class=\"accordion-body\"><p class=\"faq-text\">Wir bieten umfassende Schulungen f\u00fcr Ihre Teams an, um sicherzustellen, dass sie die neuen Cloud-basierten Datenl\u00f6sungen effektiv nutzen k\u00f6nnen. Dazu geh\u00f6ren Schulungen zu Datensicherheit, Verwaltung und Nutzung von Cloud-Tools sowie zu spezifischen BI- und Analysel\u00f6sungen.<\/p><\/div><\/div><\/div><\/div>\t\t\t\t<\/div>\n\t\t\t\t<\/div>\n\t\t\t\t<div class=\"elementor-element elementor-element-b338353 elementor-widget elementor-widget-heading\" data-id=\"b338353\" data-element_type=\"widget\" data-e-type=\"widget\" data-widget_type=\"heading.default\">\n\t\t\t\t<div class=\"elementor-widget-container\">\n\t\t\t\t\t<h4 class=\"elementor-heading-title elementor-size-default\">Fazit\n<\/h4>\t\t\t\t<\/div>\n\t\t\t\t<\/div>\n\t\t\t\t<div class=\"elementor-element elementor-element-b88880f elementor-widget elementor-widget-text-editor\" data-id=\"b88880f\" data-element_type=\"widget\" data-e-type=\"widget\" data-widget_type=\"text-editor.default\">\n\t\t\t\t<div class=\"elementor-widget-container\">\n\t\t\t\t\t\t\t\t\t<p>Cloudbasierte Datenl\u00f6sungen sind ein entscheidender Erfolgsfaktor in der modernen Gesch\u00e4ftswelt. GDS Business Intelligence GmbH unterst\u00fctzt Sie dabei, die Vorteile der Cloud voll auszusch\u00f6pfen und Ihre Datenstrategie auf das n\u00e4chste Level zu heben. Mit unseren ma\u00dfgeschneiderten L\u00f6sungen helfen wir Ihnen, Ihre Daten effizient zu verwalten, schneller auf Ver\u00e4nderungen zu reagieren und langfristig erfolgreich zu sein. Vertrauen Sie auf GDS Business Intelligence GmbH, um Ihre Cloud-basierten Datenl\u00f6sungen optimal zu gestalten und Ihr Unternehmen f\u00fcr die Zukunft zu r\u00fcsten.<\/p>\t\t\t\t\t\t\t\t<\/div>\n\t\t\t\t<\/div>\n\t\t\t\t\t<\/div>\n\t\t\t\t<\/div>\n\t\t\t\t<\/div>\n\t\t","protected":false},"excerpt":{"rendered":"<p>In der heutigen digitalen Gesch\u00e4ftswelt sind Daten ein unverzichtbarer Rohstoff f\u00fcr den Erfolg eines Unternehmens. Mit der zunehmenden Menge und Komplexit\u00e4t von Daten stehen Unternehmen vor der Herausforderung, diese Daten effizient zu speichern, zu verwalten und zu nutzen. Cloudbasierte Datenl\u00f6sungen bieten eine flexible, skalierbare und kosteneffiziente M\u00f6glichkeit, diese Herausforderungen zu bew\u00e4ltigen. GDS Business Intelligence GmbH&#8230;<\/p>\n","protected":false},"author":1,"featured_media":7505,"parent":0,"menu_order":0,"comment_status":"closed","ping_status":"closed","template":"template-builder.php","meta":{"footnotes":""},"class_list":["post-7746","page","type-page","status-publish","has-post-thumbnail","hentry"],"_links":{"self":[{"href":"https:\/\/gds-business-intelligence.de\/index.php?rest_route=\/wp\/v2\/pages\/7746","targetHints":{"allow":["GET"]}}],"collection":[{"href":"https:\/\/gds-business-intelligence.de\/index.php?rest_route=\/wp\/v2\/pages"}],"about":[{"href":"https:\/\/gds-business-intelligence.de\/index.php?rest_route=\/wp\/v2\/types\/page"}],"author":[{"embeddable":true,"href":"https:\/\/gds-business-intelligence.de\/index.php?rest_route=\/wp\/v2\/users\/1"}],"replies":[{"embeddable":true,"href":"https:\/\/gds-business-intelligence.de\/index.php?rest_route=%2Fwp%2Fv2%2Fcomments&post=7746"}],"version-history":[{"count":22,"href":"https:\/\/gds-business-intelligence.de\/index.php?rest_route=\/wp\/v2\/pages\/7746\/revisions"}],"predecessor-version":[{"id":7802,"href":"https:\/\/gds-business-intelligence.de\/index.php?rest_route=\/wp\/v2\/pages\/7746\/revisions\/7802"}],"wp:featuredmedia":[{"embeddable":true,"href":"https:\/\/gds-business-intelligence.de\/index.php?rest_route=\/wp\/v2\/media\/7505"}],"wp:attachment":[{"href":"https:\/\/gds-business-intelligence.de\/index.php?rest_route=%2Fwp%2Fv2%2Fmedia&parent=7746"}],"curies":[{"name":"wp","href":"https:\/\/api.w.org\/{rel}","templated":true}]}}