{"id":967,"date":"2024-02-06T11:51:27","date_gmt":"2024-02-06T11:51:27","guid":{"rendered":"https:\/\/themeholy.com\/wordpress\/fresh\/?page_id=967"},"modified":"2024-10-19T08:53:26","modified_gmt":"2024-10-19T08:53:26","slug":"kontakt","status":"publish","type":"page","link":"https:\/\/gds-business-intelligence.de\/?page_id=967","title":{"rendered":"Kontakt"},"content":{"rendered":"\t\t<div data-elementor-type=\"wp-page\" data-elementor-id=\"967\" class=\"elementor elementor-967\">\n\t\t\t\t\t\t<section class=\"elementor-section elementor-top-section elementor-element elementor-element-cbcf9c2 elementor-section-boxed elementor-section-height-default elementor-section-height-default\" data-id=\"cbcf9c2\" data-element_type=\"section\" data-e-type=\"section\" data-settings=\"{&quot;background_background&quot;:&quot;classic&quot;}\">\n\t\t\t\t\t\t<div class=\"elementor-container elementor-column-gap-no\">\n\t\t\t\t\t<div class=\"elementor-column elementor-col-100 elementor-top-column elementor-element elementor-element-2192b9d\" data-id=\"2192b9d\" data-element_type=\"column\" data-e-type=\"column\">\n\t\t\t<div class=\"elementor-widget-wrap elementor-element-populated\">\n\t\t\t\t\t\t<section class=\"elementor-section elementor-inner-section elementor-element elementor-element-4a12494 elementor-section-boxed elementor-section-height-default elementor-section-height-default\" data-id=\"4a12494\" data-element_type=\"section\" data-e-type=\"section\">\n\t\t\t\t\t\t<div class=\"elementor-container elementor-column-gap-no\">\n\t\t\t\t\t<div class=\"elementor-column elementor-col-50 elementor-inner-column elementor-element elementor-element-ba80bda\" data-id=\"ba80bda\" data-element_type=\"column\" data-e-type=\"column\">\n\t\t\t<div class=\"elementor-widget-wrap elementor-element-populated\">\n\t\t\t\t\t\t<div class=\"elementor-element elementor-element-7da31b1 elementor-widget elementor-widget-tragasectiontitle\" data-id=\"7da31b1\" data-element_type=\"widget\" data-e-type=\"widget\" data-widget_type=\"tragasectiontitle.default\">\n\t\t\t\t<div class=\"elementor-widget-container\">\n\t\t\t\t\t<div class=\"title-area-wrap\"><div class=\"title-area mb-35\" ><span class=\"sub-title subtitle-selector\"><img decoding=\"async\" src=\"https:\/\/themeholy.com\/wordpress\/fresh\/wp-content\/uploads\/2024\/02\/title_shape_2.svg\" alt=\"GDS%20Business%20Intelligence%20Website\"  class=\"icon me-2\" \/>KONTAKTIEREN SIE UNS!<\/span><h2 class=\"sec-title title-selector\">Haben Sie Fragen?<\/h2><\/div><p class=\"desc-selector mt-n2 mb-4\">Wir freuen uns darauf, von Ihnen zu h\u00f6ren! Ob Sie Fragen haben, weitere Informationen zu unseren Dienstleistungen ben\u00f6tigen oder eine individuelle Beratung w\u00fcnschen \u2013 unser Team steht Ihnen jederzeit zur Verf\u00fcgung. Z\u00f6gern Sie nicht, uns zu kontaktieren. Wir sind hier, um Ihnen zu helfen und Ihre Fragen zu beantworten. Gemeinsam finden wir die besten L\u00f6sungen f\u00fcr Ihre Bed\u00fcrfnisse.<\/p><\/div>\t\t\t\t<\/div>\n\t\t\t\t<\/div>\n\t\t\t\t\t<\/div>\n\t\t<\/div>\n\t\t\t\t<div class=\"elementor-column elementor-col-50 elementor-inner-column elementor-element elementor-element-8c85849 elementor-hidden-tablet elementor-hidden-mobile\" data-id=\"8c85849\" data-element_type=\"column\" data-e-type=\"column\">\n\t\t\t<div class=\"elementor-widget-wrap\">\n\t\t\t\t\t\t\t<\/div>\n\t\t<\/div>\n\t\t\t\t\t<\/div>\n\t\t<\/section>\n\t\t\t\t<section class=\"elementor-section elementor-inner-section elementor-element elementor-element-96198ec elementor-section-boxed elementor-section-height-default elementor-section-height-default\" data-id=\"96198ec\" data-element_type=\"section\" data-e-type=\"section\">\n\t\t\t\t\t\t<div class=\"elementor-container elementor-column-gap-no\">\n\t\t\t\t\t<div class=\"elementor-column elementor-col-50 elementor-inner-column elementor-element elementor-element-1086121\" data-id=\"1086121\" data-element_type=\"column\" data-e-type=\"column\">\n\t\t\t<div class=\"elementor-widget-wrap elementor-element-populated\">\n\t\t\t\t\t\t<div class=\"elementor-element elementor-element-3548456 elementor-widget elementor-widget-tragacontactus\" data-id=\"3548456\" data-element_type=\"widget\" data-e-type=\"widget\" data-widget_type=\"tragacontactus.default\">\n\t\t\t\t<div class=\"elementor-widget-container\">\n\t\t\t\t\t<div>\n<div class=\"wpcf7 no-js\" id=\"wpcf7-f7049-o1\" lang=\"en-US\" dir=\"ltr\" data-wpcf7-id=\"7049\">\n<div class=\"screen-reader-response\"><p role=\"status\" aria-live=\"polite\" aria-atomic=\"true\"><\/p> <ul><\/ul><\/div>\n<form action=\"\/index.php?rest_route=%2Fwp%2Fv2%2Fpages%2F967#wpcf7-f7049-o1\" method=\"post\" class=\"wpcf7-form init\" aria-label=\"Contact form\" novalidate=\"novalidate\" data-status=\"init\">\n<fieldset class=\"hidden-fields-container\"><input type=\"hidden\" name=\"_wpcf7\" value=\"7049\" \/><input type=\"hidden\" name=\"_wpcf7_version\" value=\"6.1.5\" \/><input type=\"hidden\" name=\"_wpcf7_locale\" value=\"en_US\" \/><input type=\"hidden\" name=\"_wpcf7_unit_tag\" value=\"wpcf7-f7049-o1\" \/><input type=\"hidden\" name=\"_wpcf7_container_post\" value=\"0\" \/><input type=\"hidden\" name=\"_wpcf7_posted_data_hash\" value=\"\" \/>\n<\/fieldset>\n<div class=\"row\">\n    <div class=\"form-group col-md-6\">\n <span class=\"wpcf7-form-control-wrap\" data-name=\"text-812\"><input size=\"40\" maxlength=\"400\" class=\"wpcf7-form-control wpcf7-text wpcf7-validates-as-required form-control\" aria-required=\"true\" aria-invalid=\"false\" placeholder=\"Your Name\" value=\"\" type=\"text\" name=\"text-812\" \/><\/span>\n        <i class=\"fa-solid fa-user\"><\/i>\n    <\/div>\n    <div class=\"form-group col-md-6\">\n<span class=\"wpcf7-form-control-wrap\" data-name=\"your-email12\"><input size=\"40\" maxlength=\"400\" class=\"wpcf7-form-control wpcf7-email wpcf7-validates-as-required wpcf7-text wpcf7-validates-as-email form-control\" aria-required=\"true\" aria-invalid=\"false\" placeholder=\"Email address\" value=\"\" type=\"email\" name=\"your-email12\" \/><\/span>\n        <i class=\"fa-solid fa-envelope\"><\/i>\n    <\/div>\n    <div class=\"form-group col-md-6\">\n<span class=\"wpcf7-form-control-wrap\" data-name=\"tel-318\"><input size=\"40\" maxlength=\"400\" class=\"wpcf7-form-control wpcf7-tel wpcf7-validates-as-required wpcf7-text wpcf7-validates-as-tel form-control\" aria-required=\"true\" aria-invalid=\"false\" placeholder=\"Phone Number\" value=\"\" type=\"tel\" name=\"tel-318\" \/><\/span>\n        <i class=\"fa-solid fa-phone\"><\/i>\n    <\/div>\n    <div class=\"form-group col-md-6\">\n  <span class=\"wpcf7-form-control-wrap\" data-name=\"menu-375\"><select class=\"wpcf7-form-control wpcf7-select wpcf7-validates-as-required form-select\" aria-required=\"true\" aria-invalid=\"false\" name=\"menu-375\"><option value=\"Select Subject\">Select Subject<\/option><option value=\"Web Development\">Web Development<\/option><option value=\"Brand Marketing\">Brand Marketing<\/option><option value=\"UI\/UX Designing\">UI\/UX Designing<\/option><option value=\"Digital Marketing\">Digital Marketing<\/option><\/select><\/span>\n    <\/div>\n    <div class=\"form-group col-12\">\n <span class=\"wpcf7-form-control-wrap\" data-name=\"text-814\"><input size=\"40\" maxlength=\"400\" class=\"wpcf7-form-control wpcf7-text wpcf7-validates-as-required form-control\" aria-required=\"true\" aria-invalid=\"false\" placeholder=\"Company \/ Organization about\" value=\"\" type=\"text\" name=\"text-814\" \/><\/span>\n    <\/div>\n    <div class=\"form-group col-12\">\n <span class=\"wpcf7-form-control-wrap\" data-name=\"textarea-713\"><textarea cols=\"40\" rows=\"10\" maxlength=\"2000\" class=\"wpcf7-form-control wpcf7-textarea form-control\" aria-invalid=\"false\" placeholder=\"Describe your message\" name=\"textarea-713\"><\/textarea><\/span>\n        <i class=\"fa-solid fa-pen\"><\/i>\n    <\/div>\n    <div class=\"form-btn col-12\">\n        <button class=\"th-btn btn-fw wpcf7\">Submit Message<\/button>\n    <\/div>\n<\/div>\n<p class=\"form-messages mb-0 mt-3\"><\/p><p style=\"display: none !important;\" class=\"akismet-fields-container\" data-prefix=\"_wpcf7_ak_\"><label>&#916;<textarea name=\"_wpcf7_ak_hp_textarea\" cols=\"45\" rows=\"8\" maxlength=\"100\"><\/textarea><\/label><input type=\"hidden\" id=\"ak_js_1\" name=\"_wpcf7_ak_js\" value=\"101\"\/><script>\ndocument.getElementById( \"ak_js_1\" ).setAttribute( \"value\", ( new Date() ).getTime() );\n<\/script>\n<\/p><div class=\"wpcf7-response-output\" aria-hidden=\"true\"><\/div>\n<\/form>\n<\/div>\n\r\n\t\t\t\t<script>\r\n\t\t\t\tif ( typeof huOptions !== 'undefined' ) {\r\n\t\t\t\t\tvar huFormData = {\"source\":\"contactform7\",\"id\":7049,\"title\":\"Contact Form V4\",\"fields\":{\"subject\":{\"first_name\":\"your-name\",\"email\":\"your-email\"},\"preferences\":{\"terms\":\"your-consent\"}}};\r\n\t\t\t\t\tvar huFormNode = document.querySelector( '[id^=\"wpcf7-f7049-\"] form' );\r\n\r\n\t\t\t\t\thuFormData['node'] = huFormNode;\r\n\t\t\t\t\thuOptions['forms'].push( huFormData );\r\n\t\t\t\t}\r\n\t\t\t\t<\/script><\/div>\t\t\t\t<\/div>\n\t\t\t\t<\/div>\n\t\t\t\t\t<\/div>\n\t\t<\/div>\n\t\t\t\t<div class=\"elementor-column elementor-col-50 elementor-inner-column elementor-element elementor-element-6a6d249 elementor-hidden-tablet elementor-hidden-mobile\" data-id=\"6a6d249\" data-element_type=\"column\" data-e-type=\"column\">\n\t\t\t<div class=\"elementor-widget-wrap\">\n\t\t\t\t\t\t\t<\/div>\n\t\t<\/div>\n\t\t\t\t\t<\/div>\n\t\t<\/section>\n\t\t\t\t\t<\/div>\n\t\t<\/div>\n\t\t\t\t\t<\/div>\n\t\t<\/section>\n\t\t\t\t<section class=\"elementor-section elementor-top-section elementor-element elementor-element-1263776 elementor-section-full_width elementor-section-height-default elementor-section-height-default\" data-id=\"1263776\" data-element_type=\"section\" data-e-type=\"section\">\n\t\t\t\t\t\t<div class=\"elementor-container elementor-column-gap-no\">\n\t\t\t\t\t<div class=\"elementor-column elementor-col-100 elementor-top-column elementor-element elementor-element-b8c462c\" data-id=\"b8c462c\" data-element_type=\"column\" data-e-type=\"column\">\n\t\t\t<div class=\"elementor-widget-wrap elementor-element-populated\">\n\t\t\t\t\t\t<div class=\"elementor-element elementor-element-c37980d elementor-widget__width-inherit map-sec elementor-widget elementor-widget-google_maps\" data-id=\"c37980d\" data-element_type=\"widget\" data-e-type=\"widget\" data-widget_type=\"google_maps.default\">\n\t\t\t\t<div class=\"elementor-widget-container\">\n\t\t\t\t\t\t\t<div class=\"elementor-custom-embed\">\n\t\t\t<iframe loading=\"lazy\"\n\t\t\t\t\tsrc=\"https:\/\/maps.google.com\/maps?q=Wolfsberger%20Stra%C3%9Fe%207%2C%20L%C3%BCdinghausen&#038;t=m&#038;z=19&#038;output=embed&#038;iwloc=near\"\n\t\t\t\t\ttitle=\"Wolfsberger Stra\u00dfe 7, L\u00fcdinghausen\"\n\t\t\t\t\taria-label=\"Wolfsberger Stra\u00dfe 7, L\u00fcdinghausen\"\n\t\t\t><\/iframe>\n\t\t<\/div>\n\t\t\t\t\t\t<\/div>\n\t\t\t\t<\/div>\n\t\t\t\t\t<\/div>\n\t\t<\/div>\n\t\t\t\t\t<\/div>\n\t\t<\/section>\n\t\t\t\t<\/div>\n\t\t","protected":false},"excerpt":{"rendered":"<p>KONTAKTIEREN SIE UNS! Haben Sie Fragen? Wir freuen uns darauf, von Ihnen zu h\u00f6ren! Ob Sie Fragen haben, weitere Informationen zu unseren Dienstleistungen ben\u00f6tigen oder eine individuelle Beratung w\u00fcnschen \u2013 unser Team steht Ihnen jederzeit zur Verf\u00fcgung. Z\u00f6gern Sie nicht, uns zu kontaktieren. Wir sind hier, um Ihnen zu helfen und Ihre Fragen zu beantworten&#8230;.<\/p>\n","protected":false},"author":1,"featured_media":0,"parent":0,"menu_order":0,"comment_status":"closed","ping_status":"closed","template":"template-builder.php","meta":{"footnotes":""},"class_list":["post-967","page","type-page","status-publish","hentry"],"_links":{"self":[{"href":"https:\/\/gds-business-intelligence.de\/index.php?rest_route=\/wp\/v2\/pages\/967","targetHints":{"allow":["GET"]}}],"collection":[{"href":"https:\/\/gds-business-intelligence.de\/index.php?rest_route=\/wp\/v2\/pages"}],"about":[{"href":"https:\/\/gds-business-intelligence.de\/index.php?rest_route=\/wp\/v2\/types\/page"}],"author":[{"embeddable":true,"href":"https:\/\/gds-business-intelligence.de\/index.php?rest_route=\/wp\/v2\/users\/1"}],"replies":[{"embeddable":true,"href":"https:\/\/gds-business-intelligence.de\/index.php?rest_route=%2Fwp%2Fv2%2Fcomments&post=967"}],"version-history":[{"count":29,"href":"https:\/\/gds-business-intelligence.de\/index.php?rest_route=\/wp\/v2\/pages\/967\/revisions"}],"predecessor-version":[{"id":7987,"href":"https:\/\/gds-business-intelligence.de\/index.php?rest_route=\/wp\/v2\/pages\/967\/revisions\/7987"}],"wp:attachment":[{"href":"https:\/\/gds-business-intelligence.de\/index.php?rest_route=%2Fwp%2Fv2%2Fmedia&parent=967"}],"curies":[{"name":"wp","href":"https:\/\/api.w.org\/{rel}","templated":true}]}}